{"id":16522,"date":"2023-06-05T05:31:31","date_gmt":"2023-06-05T09:31:31","guid":{"rendered":"https:\/\/www.vickshumidifiers.ca\/conditions-dutilisation\/"},"modified":"2024-09-18T10:10:58","modified_gmt":"2024-09-18T14:10:58","slug":"conditions-dutilisation","status":"publish","type":"page","link":"https:\/\/vickshumidifiers.ca\/fr\/conditions-dutilisation\/","title":{"rendered":"Conditions d\u2019utilisation"},"content":{"rendered":"<p>[et_pb_section fb_built=\u00a0\u00bb1&Prime; _builder_version=\u00a0\u00bb4.21.0&Prime; _module_preset=\u00a0\u00bbdefault\u00a0\u00bb custom_padding=\u00a0\u00bb25px|||||\u00a0\u00bb global_colors_info=\u00a0\u00bb{}\u00a0\u00bb][et_pb_row _builder_version=\u00a0\u00bb4.21.0&Prime; _module_preset=\u00a0\u00bbdefault\u00a0\u00bb custom_padding=\u00a0\u00bb10px|||||\u00a0\u00bb global_colors_info=\u00a0\u00bb{}\u00a0\u00bb][et_pb_column type=\u00a0\u00bb4_4&Prime; _builder_version=\u00a0\u00bb4.21.0&Prime; _module_preset=\u00a0\u00bbdefault\u00a0\u00bb global_colors_info=\u00a0\u00bb{}\u00a0\u00bb][et_pb_text ul_item_indent=\u00a0\u00bb20px\u00a0\u00bb _builder_version=\u00a0\u00bb4.23.1&Prime; _module_preset=\u00a0\u00bbdefault\u00a0\u00bb hover_enabled=\u00a0\u00bb0&Prime; global_colors_info=\u00a0\u00bb{}\u00a0\u00bb sticky_enabled=\u00a0\u00bb0&Prime;]<\/p>\n<div class=\"et_pb_module et_pb_text et_pb_text_0 et_pb_text_align_left et_pb_bg_layout_light\">\n<div class=\"et_pb_text_inner\">\n<h2>Conditions d\u2019utilisation<\/h2>\n<h3>1. Introduction<\/h3>\n<p><strong>Veuillez lire attentivement et vous assurer de bien comprendre toutes les conditions d\u2019utilisation suivantes, car vous devrez les accepter pour pouvoir acc\u00e9der au site, \u00e0 son contenu et aux informations qu\u2019il renferme.<\/strong> Si vous n\u2019\u00eates pas certain de comprendre l\u2019une ou l\u2019autre de ces conditions, nous vous conseillons d\u2019obtenir un avis juridique. L\u2019utilisation du site constitue votre acceptation et votre accord des conditions telles qu\u2019elles y sont \u00e9nonc\u00e9es, ainsi que votre renonciation \u00e0 toute demande d\u2019indemnisation \u00e0 l\u2019encontre de Helen of Troy, Inc., et de ses propri\u00e9taires, dirigeants, employ\u00e9s, filiales, soci\u00e9t\u00e9s affili\u00e9es, sous-traitants, conc\u00e9dants et agents qui d\u00e9coulerait de votre utilisation du site ou de toute information, instruction, opinion, recommandation ou de tout autre mat\u00e9riel s\u2019y trouvant. L\u2019ex\u00e9cution de la pr\u00e9sente entente par Helen of Troy, Inc. est soumise aux lois et proc\u00e9dures judiciaires en vigueur. Aucune disposition de la pr\u00e9sente entente n\u2019emp\u00eache Helen of Troy, Inc. de se conformer aux demandes et aux exigences des autorit\u00e9s charg\u00e9es de l\u2019application de la loi relativement \u00e0 votre utilisation du pr\u00e9sent site ou \u00e0 l\u2019information fournie \u00e0 Helen of Troy, Inc. ou recueillie par celle-ci en lien avec l\u2019utilisation du site.   <\/p>\n<h3>2. Soumissions<\/h3>\n<p>Si vous nous transmettez ou soumettez d\u2019une quelconque fa\u00e7on tout renseignement ou mat\u00e9riel par l\u2019entremise du pr\u00e9sent site, toutes les remarques, suggestions, id\u00e9es, graphiques ou autres informations que vous communiquez \u00e0 Helen of Troy, Inc. deviennent et resteront la propri\u00e9t\u00e9 de Helen of Troy, Inc., m\u00eame en cas de r\u00e9siliation de la pr\u00e9sente entente. Vous reconnaissez \u00eatre seul responsable de toute soumission que vous faites et acceptez l\u2019enti\u00e8re responsabilit\u00e9 du message, y compris de sa l\u00e9galit\u00e9, de sa fiabilit\u00e9, de sa pertinence, de son originalit\u00e9, et des droits d\u2019auteur qui y sont reli\u00e9s. En transmettant ou en affichant des communications ou des documents sur ce site, vous consentez \u00e0 ce que Helen of Troy, Inc., ou toute filiale ou soci\u00e9t\u00e9 affili\u00e9e ou tout conc\u00e9dant de celle-ci :  <\/p>\n<ul>\n<li>utilise le mat\u00e9riel soumis \u00e0 diff\u00e9rentes fins, y compris la reproduction, la transmission, la publication, la diffusion et l\u2019affichage;<\/li>\n<li>d\u00e9tienne tous les droits et la propri\u00e9t\u00e9 exclusive de toutes les id\u00e9es pr\u00e9sentes et futures que vous pourriez soumettre (y compris, entre autres, les id\u00e9es concernant les produits ou la publicit\u00e9);<\/li>\n<li>utilise ces id\u00e9es \u00e0 diff\u00e9rentes fins, sans qu\u2019aucune r\u00e9mun\u00e9ration ne soit vers\u00e9e ni \u00e0 vous ni \u00e0 qui que ce soit d\u2019autre, et que vous n\u2019engagerez pas de poursuites pour toute utilisation des id\u00e9es en question ou d\u2019id\u00e9es semblables;<\/li>\n<li>n\u2019ait pas l\u2019obligation de traiter de telles communications de fa\u00e7on confidentielle.<\/li>\n<\/ul>\n<p>Vous ne pouvez ajouter de l\u2019information, ni modifier, remplacer ou amender, en totalit\u00e9 ou en partie, quelque information que ce soit figurant sur le site. Vous ne pouvez non plus envoyer par courriel, afficher, t\u00e9l\u00e9verser ou transmettre de toute autre mani\u00e8re tout contenu ill\u00e9gal, mena\u00e7ant, blessant, importun, diffamant, diffamatoire, injurieux, obsc\u00e8ne, pornographique, d\u00e9nigrant ou choquant de mani\u00e8re g\u00e9n\u00e9rale, ou tout mat\u00e9riel, de quelque nature que ce soit, susceptible de constituer une infraction d\u2019ordre criminel ou d\u2019encourager la commission d\u2019une telle infraction ou qui violerait, intentionnellement ou non, toute loi locale, \u00e9tatique, nationale ou internationale. <\/p>\n<h3>3. Hyperliens<\/h3>\n<p>Ce site peut contenir des hyperliens vers des sites Web exploit\u00e9s par des tierces parties. De tels hyperliens sont uniquement fournis \u00e0 titre de r\u00e9f\u00e9rence; Helen of Troy, Inc. n\u2019exerce aucun contr\u00f4le sur ces sites et n\u2019assume aucune responsabilit\u00e9 en ce qui concerne l\u2019acc\u00e8s \u00e0 ces sites ou leur contenu. Le fait d\u2019inclure ces hyperliens sur son site ne signifie pas que Helen of Troy, Inc. endosse, de quelque mani\u00e8re que ce soit, le mat\u00e9riel qui y est pr\u00e9sent\u00e9 ni qu\u2019elle est associ\u00e9e d\u2019une mani\u00e8re ou d\u2019une autre \u00e0 leurs propri\u00e9taires ou exploitants.  <\/p>\n<h3>4. Exon\u00e9ration de garantie et de responsabilit\u00e9<\/h3>\n<p><strong>Acc\u00e8s au pr\u00e9sent site et utilisation de son contenu \u00e0 vos risques.<\/strong> Helen of Troy, Inc. n\u2019assume aucune responsabilit\u00e9, ne donne aucune garantie et ne fait aucune d\u00e9claration, expresse ou implicite, \u00e0 l\u2019\u00e9gard de l\u2019exactitude ou de l\u2019exhaustivit\u00e9 du site, notamment en ce qui concerne :<\/p>\n<ul>\n<li>les informations, les textes, les donn\u00e9es,<\/li>\n<li>la musique, le mat\u00e9riel sonore,<\/li>\n<li>les \u0153uvres artistiques, les illustrations,<\/li>\n<li>les photos, les graphiques, les vid\u00e9os,<\/li>\n<li>les logiciels,<\/li>\n<li>les liens ou<\/li>\n<\/ul>\n<p>tout autre mat\u00e9riel pr\u00e9sent\u00e9 sur le pr\u00e9sent site, ou tout contenu de tout autre site li\u00e9 au pr\u00e9sent site. Helen of Troy, Inc. n\u2019endosse ni n\u2019approuve quelque produit ou renseignement que ce soit auxquels vous pourriez acc\u00e9der par l\u2019interm\u00e9diaire de son site. <\/p>\n<p>Il se peut que le mat\u00e9riel en question contienne des inexactitudes techniques, des erreurs typographiques ou des omissions; il est pr\u00e9sent\u00e9 en l\u2019\u00e9tat sans aucune repr\u00e9sentation ou approbation faite et sans garantie expresse ou implicite de quelque nature que ce soit, dont voici des exemples :<\/p>\n<ul>\n<li>garantie implicite de qualit\u00e9 marchande,<\/li>\n<li>adaptation \u00e0 un usage particulier,<\/li>\n<li>absence de contrefa\u00e7on,<\/li>\n<li>garantie que les d\u00e9fectuosit\u00e9s seront corrig\u00e9es,<\/li>\n<li>que les \u00e9l\u00e9ments fonctionnels du mat\u00e9riel fonctionneront sans interruption ou ne comportent pas d\u2019erreur,<\/li>\n<li>que nos sites ou les serveurs qui les rendent accessibles sont exempts de virus ou d\u2019autres \u00e9l\u00e9ments dommageables, ou que l\u2019observation judicieuse des instructions ou des directives accompagnant le mat\u00e9riel produise n\u00e9cessairement des r\u00e9sultats positifs.<\/li>\n<\/ul>\n<p>Sans prendre aucun engagement en ce sens, Helen of Troy, Inc. peut, \u00e0 sa seule discr\u00e9tion, mettre \u00e0 jour, modifier, am\u00e9liorer ou changer les pr\u00e9sentes conditions d\u2019utilisation, ainsi que toute information et tout produit ou autre mat\u00e9riel figurant sur ce site, \u00e0 tout moment et sans pr\u00e9avis.<\/p>\n<p><strong>Exception : Dans certains \u00c9tats, la loi ne nous autorise pas \u00e0 r\u00e9futer ou \u00e0 exclure des garanties. Le cas \u00e9ch\u00e9ant, les stipulations d\u2019exon\u00e9ration \u00e9nonc\u00e9es ci-dessus ne s\u2019appliquent pas.<\/strong><\/p>\n<h3>5. Limitation de responsabilit\u00e9<\/h3>\n<p>En aucun cas, Helen of Troy, Inc. ni aucun de ses propri\u00e9taires, dirigeants, employ\u00e9s, filiales, soci\u00e9t\u00e9s affili\u00e9es, sous-traitants, conc\u00e9dants et agents, de m\u00eame que toute partie engag\u00e9e dans la cr\u00e9ation ou la mise en \u0153uvre du pr\u00e9sent site (d\u00e9sign\u00e9s aux pr\u00e9sentes par les termes \u00ab nous \u00bb ou \u00ab notre \u00bb) n\u2019assument quelque obligation ou responsabilit\u00e9 que ce soit \u00e0 l\u2019\u00e9gard de tout contenu tir\u00e9 du pr\u00e9sent site, ou obtenu sur le site, ou encore par l\u2019interm\u00e9diaire ou \u00e0 l\u2019ext\u00e9rieur du site, tout comme ils ne peuvent \u00eatre tenus responsables des dommages sp\u00e9ciaux, directs, indirects, accessoires, exemplaires, cons\u00e9cutifs, punitifs ou autres, ou encore \u00e0 l\u2019\u00e9gard de toute perte, d\u00e9pense ou blessure y compris, sans y \u00eatre limit\u00e9, de toute perte de revenus, de profits, d\u2019\u00e9cart d\u2019acquisition, d\u2019utilisation, de donn\u00e9es ou de toute autre perte immat\u00e9rielle caus\u00e9e par :<\/p>\n<ul>\n<li>les informations, les textes, les donn\u00e9es,<\/li>\n<li>la musique, le mat\u00e9riel sonore,<\/li>\n<li>les \u0153uvres artistiques, les illustrations,<\/li>\n<li>les photos, les graphiques, les vid\u00e9os,<\/li>\n<li>les logiciels,<\/li>\n<li>les liens ou<\/li>\n<\/ul>\n<p>De plus, nous d\u00e9clinons toute responsabilit\u00e9 pour tous dommages, m\u00eame si nous avons \u00e9t\u00e9 n\u00e9gligents ou si notre repr\u00e9sentant autoris\u00e9 a \u00e9t\u00e9 averti de la possibilit\u00e9 de ces dommages. Aucun conseil ou information, qu\u2019ils aient \u00e9t\u00e9 donn\u00e9s oralement ou par \u00e9crit, que vous auriez pu obtenir de notre part ne constitue quelque garantie que ce soit. <\/p>\n<p><strong>Exception : La loi de certains \u00c9tats ne permet pas la limitation ou l\u2019exclusion de la responsabilit\u00e9 pour les dommages accessoires ou cons\u00e9cutifs. Le cas \u00e9ch\u00e9ant, les limites de responsabilit\u00e9 \u00e9nonc\u00e9es ci-dessus ne s\u2019appliquent pas.<\/strong> Dans tous les cas, notre responsabilit\u00e9 envers vous pour les pertes, dommages, blessures et revendications de quelque nature que ce soit (que les demandes d\u2019indemnisation soient faites en vertu d\u2019un contrat ou que les dommages soient r\u00e9put\u00e9s avoir \u00e9t\u00e9 caus\u00e9s par notre n\u00e9gligence ou autre conduite malveillante, ou que la cause s\u2019appuie sur toute autre th\u00e9orie juridique) se limitera au montant que vous avez pay\u00e9 pour acc\u00e9der \u00e0 notre site.<\/p>\n<p>Si l\u2019une ou l\u2019autre des dispositions des conditions d\u2019utilisation ou de l\u2019entente est jug\u00e9e invalide, ill\u00e9gale, nulle ou inex\u00e9cutable en application de la loi, ce qui comprend, sans y \u00eatre limit\u00e9, les stipulations d\u2019exon\u00e9ration de garantie et de limitation de responsabilit\u00e9 \u00e9nonc\u00e9es plus haut, cette disposition sera alors reconnue comme \u00e9tant remplac\u00e9e par la disposition valide et ex\u00e9cutoire qui se rapproche le plus de l\u2019intention de la disposition d\u2019origine, et les autres dispositions de l\u2019entente demeureront valides et ex\u00e9cutoires.<\/p>\n<h3>6. Exon\u00e9ration de responsabilit\u00e9 relative au territoire<\/h3>\n<p><strong>Helen of Troy, Inc. invite les r\u00e9sidents canadiens \u00e0 observer les pr\u00e9sentes conditions d\u2019utilisation ainsi que toutes les lois applicables lorsqu\u2019ils acc\u00e8dent \u00e0 son site Web ou qu\u2019ils utilisent l\u2019information qu\u2019il contient.<\/strong> Le pr\u00e9sent site de m\u00eame que toutes les informations et le mat\u00e9riel qu\u2019il contient sont con\u00e7us en vue d\u2019un acc\u00e8s et d\u2019une utilisation par les r\u00e9sidents canadiens. Helen of Troy, Inc. n\u2019affirme d\u2019aucune fa\u00e7on que le mat\u00e9riel pr\u00e9sent\u00e9 sur son site est appropri\u00e9 ou disponible \u00e0 l\u2019ext\u00e9rieur du Canada. \u00c0 moins d\u2019indication contraire, toutes les publicit\u00e9s, informations et affirmations qui s\u2019y trouvent ne sont valides qu\u2019au Canada.  <\/p>\n<p>Le site peut renfermer des r\u00e9f\u00e9rences directes ou crois\u00e9es \u00e0 des produits et services de Helen of Troy, Inc. qui ne sont pas, ou sont difficilement accessibles \u00e0 l\u2019ext\u00e9rieur du Canada. De telles r\u00e9f\u00e9rences ne signifient pas que Helen of Troy, Inc. a l\u2019intention de commercialiser ces produits et services dans quelque pays que ce soit. \u00c0 moins d\u2019indication contraire, l\u2019acc\u00e8s au site et l\u2019utilisation qui en est faite, de m\u00eame que les actions qui en d\u00e9coulent, doivent \u00eatre sp\u00e9cifiquement li\u00e9s \u00e0 des solutions qui reposent exclusivement sur les produits et services mis en march\u00e9 par Helen of Troy, Inc., au Canada.  <\/p>\n<h3>7. Droits d\u2019auteur et marques de commerce<\/h3>\n<p><strong>Certaines marques de commerce sont utilis\u00e9es sous licence avec la permission de The Procter  Gamble Company ou ses soci\u00e9t\u00e9s affili\u00e9es.<\/strong><\/p>\n<p><span>\u00ab DouxSommeil \u00bb, \u00ab Bien-\u00catre \u00bb, \u00ab Fra\u00eecheurApaisante \u00bb, \u00ab Comfortflex\u1d39\u1d30 \u00bb, \u00ab SpeedRead \u00bb, \u00ab Fever InSight\u1d39\u1d30 \u00bb et \u00ab DigitalPlus\u1d39\u1d30 \u00bb <\/span>sont des marques de commerce de Helen of Troy Limited.<\/p>\n<p>Tout le mat\u00e9riel figurant ou pr\u00e9sent\u00e9 dans le pr\u00e9sent site, y compris :<\/p>\n<ul>\n<li>les informations, les donn\u00e9es, les textes, le contenu \u00e9ditorial,<\/li>\n<li>les noms, les logos, les marques,<\/li>\n<li>les photos, les vid\u00e9os, les illustrations, les \u0153uvres artistiques, la conception des produits et des emballages et autre mat\u00e9riel graphique,<\/li>\n<li>les promotions, les relations publiques, la publicit\u00e9 et<\/li>\n<\/ul>\n<p>tout autre contenu du site demeure la propri\u00e9t\u00e9 exclusive de Helen of Troy, Inc., de ses soci\u00e9t\u00e9s affili\u00e9es ou de ses conc\u00e9dants dans les territoires o\u00f9 Helen of Troy, Inc. met en march\u00e9 les produits assortis des marques de commerce vis\u00e9es, \u00e0 moins d\u2019indication contraire, et est prot\u00e9g\u00e9 contre la copie, la simulation ou la distribution en vertu des lois et trait\u00e9s nationaux et internationaux r\u00e9gissant les marques, les brevets, les droits d\u2019auteur et la propri\u00e9t\u00e9 intellectuelle. Toute utilisation ou abus de ces marques de commerce ou de tout autre contenu pr\u00e9sent\u00e9 sur le site, autrement que selon les conditions d\u2019utilisation ou les instructions qui y sont \u00e9nonc\u00e9es, est strictement interdit. <\/p>\n<p>Vous pouvez, pour votre usage personnel et non commercial, afficher et utiliser un seul exemplaire du mat\u00e9riel publi\u00e9 ou inclus dans le pr\u00e9sent site, dans la mesure o\u00f9 vous ne supprimez pas (et n\u2019autorisez aucune tierce partie \u00e0 supprimer) toute r\u00e9f\u00e9rence relative aux droits de propri\u00e9t\u00e9 et que vous ne supprimez ni modifier toute r\u00e9f\u00e9rence aux droits d\u2019auteur, marques de commerce ou autres r\u00e9f\u00e9rences aux droits de propri\u00e9t\u00e9. Vous ne pouvez, par ailleurs : <\/p>\n<ul>\n<li>copier, reproduire,<\/li>\n<li>r\u00e9viser, convertir, modifier,<\/li>\n<li>transmettre, distribuer, diffuser, publier, r\u00e9acheminer, faire circuler,<\/li>\n<li>t\u00e9l\u00e9verser, t\u00e9l\u00e9charger,<\/li>\n<li>afficher ou reproduire dans un site miroir h\u00e9berg\u00e9 sur un autre serveur ou un autre site,<\/li>\n<li>d\u00e9sosser, cr\u00e9er une \u0153uvre d\u00e9riv\u00e9e, d\u00e9sassembler ou autrement tenter de d\u00e9couvrir un code source,<\/li>\n<li>imbriquer tout graphique ou autre mat\u00e9riel, ou<\/li>\n<li>louer, vendre, c\u00e9der, accorder en sous-licence ou autrement transf\u00e9rer tout droit relatif \u00e0<\/li>\n<\/ul>\n<p>la totalit\u00e9 ou toute partie du logiciel ou du mat\u00e9riel publi\u00e9 sur le pr\u00e9sent site sans l\u2019accord pr\u00e9alable \u00e9crit de Helen of Troy, Inc.<\/p>\n<p>Helen of Troy, Inc. conserve l\u2019int\u00e9gralit\u00e9 des droits de propri\u00e9t\u00e9 intellectuelle sur ce contenu. Aucune disposition des pr\u00e9sentes ne doit \u00eatre interpr\u00e9t\u00e9e comme donnant droit, de quelque mani\u00e8re que ce soit, par implication, pr\u00e9clusion ou autrement, \u00e0 de quelconques licences ou droits en vertu de tout brevet ou marque de commerce d\u00e9tenu par Helen of Troy Inc ou ses filiales, soci\u00e9t\u00e9s affili\u00e9es, conc\u00e9dants ou toute autre tierce partie.  <strong>Sauf stipulation express\u00e9ment \u00e9nonc\u00e9e \u00e0 cet effet, aucune disposition des pr\u00e9sentes ne doit \u00eatre interpr\u00e9t\u00e9e comme conf\u00e9rant quelque droit ou licence \u00e0 l\u2019\u00e9gard des droits d\u2019auteur ou de propri\u00e9t\u00e9 intellectuelle applicables \u00e0 toute information, \u00e0 tout produit ou \u00e0 tout autre mat\u00e9riel.<\/strong><\/p>\n<\/div>\n<\/div>\n<p>[\/et_pb_text][\/et_pb_column][\/et_pb_row][\/et_pb_section]<\/p>\n","protected":false},"excerpt":{"rendered":"<p>Conditions d\u2019utilisation 1. Introduction Veuillez lire attentivement et vous assurer de bien comprendre toutes les conditions d\u2019utilisation suivantes, car vous devrez les accepter pour pouvoir acc\u00e9der au site, \u00e0 son contenu et aux informations qu\u2019il renferme. Si vous n\u2019\u00eates pas certain de comprendre l\u2019une ou l\u2019autre de ces conditions, nous vous conseillons d\u2019obtenir un avis [&hellip;]<\/p>\n","protected":false},"author":1,"featured_media":0,"parent":0,"menu_order":0,"comment_status":"closed","ping_status":"closed","template":"","meta":{"_acf_changed":false,"_et_pb_use_builder":"on","_et_pb_old_content":"","_et_gb_content_width":"","footnotes":""},"class_list":["post-16522","page","type-page","status-publish","hentry"],"acf":[],"_links":{"self":[{"href":"https:\/\/vickshumidifiers.ca\/fr\/wp-json\/wp\/v2\/pages\/16522","targetHints":{"allow":["GET"]}}],"collection":[{"href":"https:\/\/vickshumidifiers.ca\/fr\/wp-json\/wp\/v2\/pages"}],"about":[{"href":"https:\/\/vickshumidifiers.ca\/fr\/wp-json\/wp\/v2\/types\/page"}],"author":[{"embeddable":true,"href":"https:\/\/vickshumidifiers.ca\/fr\/wp-json\/wp\/v2\/users\/1"}],"replies":[{"embeddable":true,"href":"https:\/\/vickshumidifiers.ca\/fr\/wp-json\/wp\/v2\/comments?post=16522"}],"version-history":[{"count":2,"href":"https:\/\/vickshumidifiers.ca\/fr\/wp-json\/wp\/v2\/pages\/16522\/revisions"}],"predecessor-version":[{"id":16524,"href":"https:\/\/vickshumidifiers.ca\/fr\/wp-json\/wp\/v2\/pages\/16522\/revisions\/16524"}],"wp:attachment":[{"href":"https:\/\/vickshumidifiers.ca\/fr\/wp-json\/wp\/v2\/media?parent=16522"}],"curies":[{"name":"wp","href":"https:\/\/api.w.org\/{rel}","templated":true}]}}