{"id":16411,"date":"2023-10-20T15:45:42","date_gmt":"2023-10-20T19:45:42","guid":{"rendered":"https:\/\/www.vickshumidifiers.ca\/humidificateur-a-vapeur-tiede-vicks-vwm845c-faq\/"},"modified":"2024-10-08T10:14:53","modified_gmt":"2024-10-08T14:14:53","slug":"vwm845c-faq","status":"publish","type":"page","link":"https:\/\/vickshumidifiers.ca\/fr\/vwm845c-faq\/","title":{"rendered":"Humidificateur \u00e0 vapeur ti\u00e8de Vicks VWM845C &#8211; FAQ"},"content":{"rendered":"<p>[et_pb_section fb_built=\u00a0\u00bb1&Prime; specialty=\u00a0\u00bbon\u00a0\u00bb _builder_version=\u00a0\u00bb4.21.0&Prime; _module_preset=\u00a0\u00bbdefault\u00a0\u00bb custom_padding=\u00a0\u00bb7px||15px|||\u00a0\u00bb global_colors_info=\u00a0\u00bb{}\u00a0\u00bb][et_pb_column type=\u00a0\u00bb1_4&Prime; _builder_version=\u00a0\u00bb4.16&Prime; custom_padding=\u00a0\u00bb|||\u00a0\u00bb global_colors_info=\u00a0\u00bb{}\u00a0\u00bb custom_padding__hover=\u00a0\u00bb|||\u00a0\u00bb][et_pb_sidebar area=\u00a0\u00bbet_pb_widget_area_3&Prime; disabled_on=\u00a0\u00bbon|off|off\u00a0\u00bb _builder_version=\u00a0\u00bb4.21.0&Prime; _module_preset=\u00a0\u00bbdefault\u00a0\u00bb global_colors_info=\u00a0\u00bb{}\u00a0\u00bb][\/et_pb_sidebar][\/et_pb_column][et_pb_column type=\u00a0\u00bb3_4&Prime; specialty_columns=\u00a0\u00bb3&Prime; _builder_version=\u00a0\u00bb4.16&Prime; custom_padding=\u00a0\u00bb|||\u00a0\u00bb global_colors_info=\u00a0\u00bb{}\u00a0\u00bb custom_padding__hover=\u00a0\u00bb|||\u00a0\u00bb][et_pb_row_inner _builder_version=\u00a0\u00bb4.21.0&Prime; _module_preset=\u00a0\u00bbdefault\u00a0\u00bb custom_padding=\u00a0\u00bb11px||0px|||\u00a0\u00bb global_colors_info=\u00a0\u00bb{}\u00a0\u00bb][et_pb_column_inner saved_specialty_column_type=\u00a0\u00bb3_4&Prime; _builder_version=\u00a0\u00bb4.21.0&Prime; _module_preset=\u00a0\u00bbdefault\u00a0\u00bb global_colors_info=\u00a0\u00bb{}\u00a0\u00bb][et_pb_text module_class=\u00a0\u00bbfaq-title\u00a0\u00bb _builder_version=\u00a0\u00bb4.23.1&Prime; _module_preset=\u00a0\u00bbdefault\u00a0\u00bb header_text_color=\u00a0\u00bb#005dba\u00a0\u00bb global_colors_info=\u00a0\u00bb{}\u00a0\u00bb]<\/p>\n<h1 data-content-type=\"heading\" data-appearance=\"default\" data-element=\"main\" data-pb-style=\"IJB5P5I\"><span style=\"color: #015dbc;\">Foire aux questions<\/span><\/h1>\n<h2 class=\"c-primary\" data-content-type=\"heading\" data-appearance=\"default\" data-element=\"main\" data-pb-style=\"618E279B1AD50\">Humidificateur \u00e0 vapeur ti\u00e8de VWM845C<\/h2>\n<p>[\/et_pb_text][\/et_pb_column_inner][\/et_pb_row_inner][et_pb_row_inner column_structure=\u00a0\u00bb1_2,1_2&Prime; _builder_version=\u00a0\u00bb4.21.0&Prime; _module_preset=\u00a0\u00bbdefault\u00a0\u00bb global_colors_info=\u00a0\u00bb{}\u00a0\u00bb][et_pb_column_inner type=\u00a0\u00bb1_2&Prime; saved_specialty_column_type=\u00a0\u00bb3_4&Prime; _builder_version=\u00a0\u00bb4.21.0&Prime; _module_preset=\u00a0\u00bbdefault\u00a0\u00bb global_colors_info=\u00a0\u00bb{}\u00a0\u00bb][et_pb_video src=\u00a0\u00bbhttps:\/\/youtu.be\/Sv-pvhMnvU4&Prime; _builder_version=\u00a0\u00bb4.21.0&Prime; _module_preset=\u00a0\u00bbdefault\u00a0\u00bb custom_margin=\u00a0\u00bb||18px|||\u00a0\u00bb global_colors_info=\u00a0\u00bb{}\u00a0\u00bb][\/et_pb_video][et_pb_text _builder_version=\u00a0\u00bb4.21.0&Prime; _module_preset=\u00a0\u00bbdefault\u00a0\u00bb global_colors_info=\u00a0\u00bb{}\u00a0\u00bb]<\/p>\n<p><strong>HUMIDIFICATEUR \u00c0 VAPEUR TI\u00c8DE VICKS VWM845 \u2013 GUIDE DE D\u00c9MARRAGE<\/strong><br \/>Regardez la vid\u00e9o (version anglaise seulement) pour savoir comment installer et utiliser votre nouvel humidificateur \u00e0 vapeur ti\u00e8de Vicks VWM845.<\/p>\n<p>[\/et_pb_text][\/et_pb_column_inner][et_pb_column_inner type=\u00a0\u00bb1_2&Prime; saved_specialty_column_type=\u00a0\u00bb3_4&Prime; _builder_version=\u00a0\u00bb4.21.0&Prime; _module_preset=\u00a0\u00bbdefault\u00a0\u00bb global_colors_info=\u00a0\u00bb{}\u00a0\u00bb][et_pb_video src=\u00a0\u00bbhttps:\/\/youtu.be\/z0uPjIz7sFw\u00a0\u00bb _builder_version=\u00a0\u00bb4.21.0&Prime; _module_preset=\u00a0\u00bbdefault\u00a0\u00bb custom_margin=\u00a0\u00bb||18px|||\u00a0\u00bb global_colors_info=\u00a0\u00bb{}\u00a0\u00bb][\/et_pb_video][et_pb_text _builder_version=\u00a0\u00bb4.21.0&Prime; _module_preset=\u00a0\u00bbdefault\u00a0\u00bb global_colors_info=\u00a0\u00bb{}\u00a0\u00bb]<\/p>\n<p><strong>HUMIDIFICATEUR \u00c0 VAPEUR TI\u00c8DE VICKS VWM845 \u2013 COMMENT LE NETTOYER<\/strong><br \/>Regardez la vid\u00e9o (version anglaise seulement) pour savoir comment nettoyer votre humidificateur \u00e0 vapeur ti\u00e8de Vicks VWM845.<\/p>\n<p>[\/et_pb_text][\/et_pb_column_inner][\/et_pb_row_inner][et_pb_row_inner _builder_version=\u00a0\u00bb4.21.0&Prime; _module_preset=\u00a0\u00bbdefault\u00a0\u00bb custom_padding=\u00a0\u00bb10px|||||\u00a0\u00bb global_colors_info=\u00a0\u00bb{}\u00a0\u00bb][et_pb_column_inner saved_specialty_column_type=\u00a0\u00bb3_4&Prime; _builder_version=\u00a0\u00bb4.21.0&Prime; _module_preset=\u00a0\u00bbdefault\u00a0\u00bb global_colors_info=\u00a0\u00bb{}\u00a0\u00bb][et_pb_accordion toggle_icon=\u00a0\u00bb&#xf067;||fa||900&Prime; _builder_version=\u00a0\u00bb4.23.1&Prime; _module_preset=\u00a0\u00bbdefault\u00a0\u00bb closed_toggle_font=\u00a0\u00bb|600|||||||\u00a0\u00bb hover_enabled=\u00a0\u00bb0&Prime; global_colors_info=\u00a0\u00bb{}\u00a0\u00bb sticky_enabled=\u00a0\u00bb0&Prime;][et_pb_accordion_item title=\u00a0\u00bbQuestion : Que faut-il faire pour nettoyer mon humidificateur \u00e0 vapeur ti\u00e8de?\u00a0\u00bb open=\u00a0\u00bbon\u00a0\u00bb open_toggle_text_color=\u00a0\u00bb#005dba\u00a0\u00bb toggle_icon=\u00a0\u00bb&#xf067;||fa||900&Prime; _builder_version=\u00a0\u00bb4.23.1&Prime; _module_preset=\u00a0\u00bbdefault\u00a0\u00bb custom_margin=\u00a0\u00bb||||false|false\u00a0\u00bb custom_padding=\u00a0\u00bb5px||15px||false|false\u00a0\u00bb border_width_all=\u00a0\u00bb0px\u00a0\u00bb border_width_left=\u00a0\u00bb2px\u00a0\u00bb border_color_left=\u00a0\u00bb#005dba\u00a0\u00bb global_colors_info=\u00a0\u00bb{}\u00a0\u00bb toggle_text_color=\u00a0\u00bb#005dba\u00a0\u00bb toggle_font=\u00a0\u00bb|700|||||||\u00a0\u00bb]<\/p>\n<p>R\u00e9ponse :<\/p>\n<p>Pour nettoyer votre humidificateur \u00e0 vapeur ti\u00e8de Vicks, suivez les instructions d\u2019entretien d\u00e9crites \u00e9tape par \u00e9tape dans le <a href=\"\/wp-content\/uploads\/VWM845C-Owners-Manual.pdf\">guide de l\u2019utilisateur<\/a>. Vous pouvez \u00e9galement regarder la vid\u00e9o ci-dessus (version anglaise seulement). <\/p>\n<p>Pour que votre humidificateur fonctionne de mani\u00e8re efficace, nettoyez-le r\u00e9guli\u00e8rement. Il est recommand\u00e9 de le nettoyer chaque semaine. Effectuez tout entretien dans la cuisine ou la salle de bain sur une surface \u00e9tanche pr\u00e8s du robinet.  <strong><\/strong><\/p>\n<p>[\/et_pb_accordion_item][et_pb_accordion_item title=\u00a0\u00bbQuestion : Que faut-il faire pour r\u00e9initialiser le voyant?\u00a0\u00bb open_toggle_text_color=\u00a0\u00bb#005dba\u00a0\u00bb toggle_icon=\u00a0\u00bb&#xf067;||fa||900&Prime; _builder_version=\u00a0\u00bb4.23.1&Prime; _module_preset=\u00a0\u00bbdefault\u00a0\u00bb custom_margin=\u00a0\u00bb||||false|false\u00a0\u00bb custom_padding=\u00a0\u00bb5px||15px||false|false\u00a0\u00bb border_width_all=\u00a0\u00bb0px\u00a0\u00bb border_width_left=\u00a0\u00bb2px\u00a0\u00bb border_color_left=\u00a0\u00bb#005dba\u00a0\u00bb global_colors_info=\u00a0\u00bb{}\u00a0\u00bb toggle_text_color=\u00a0\u00bb#005dba\u00a0\u00bb toggle_font=\u00a0\u00bb|700|||||||\u00a0\u00bb open=\u00a0\u00bboff\u00a0\u00bb]<\/p>\n<p>R\u00e9ponse :<\/p>\n<p>Le voyant de r\u00e9initialisation s\u2019allume lorsqu\u2019il n\u2019y a plus d\u2019eau dans l\u2019humidificateur. Pour r\u00e9initialiser le voyant : <\/p>\n<ol>\n<li>\u00c9teignez l\u2019appareil<\/li>\n<li>Remplissez le r\u00e9servoir d\u2019eau et replacez-le<\/li>\n<li>Attendez cinq minutes et allumez l\u2019appareil<\/li>\n<\/ol>\n<p>Remarque : Si le voyant de r\u00e9initialisation demeure allum\u00e9, nettoyez l\u2019\u00e9l\u00e9ment chauffant (voir les <a href=\"\/wp-content\/uploads\/VWM845C-Owners-Manual.pdf\">instructions relatives \u00e0 l\u2019entretien<\/a>)<\/p>\n<p>[\/et_pb_accordion_item][et_pb_accordion_item title=\u00a0\u00bbQuestion : Que faut-il faire pour emp\u00eacher l\u2019appareil de s\u2019\u00e9teindre soudainement?\u00a0\u00bb open_toggle_text_color=\u00a0\u00bb#005dba\u00a0\u00bb toggle_icon=\u00a0\u00bb&#xf067;||fa||900&Prime; _builder_version=\u00a0\u00bb4.23.1&Prime; _module_preset=\u00a0\u00bbdefault\u00a0\u00bb custom_margin=\u00a0\u00bb||||false|false\u00a0\u00bb custom_padding=\u00a0\u00bb5px||15px||false|false\u00a0\u00bb border_width_all=\u00a0\u00bb0px\u00a0\u00bb border_width_left=\u00a0\u00bb2px\u00a0\u00bb border_color_left=\u00a0\u00bb#005dba\u00a0\u00bb global_colors_info=\u00a0\u00bb{}\u00a0\u00bb toggle_text_color=\u00a0\u00bb#005dba\u00a0\u00bb toggle_font=\u00a0\u00bb|700|||||||\u00a0\u00bb open=\u00a0\u00bboff\u00a0\u00bb]<\/p>\n<p>R\u00e9ponse : L\u2019humidificateur \u00e0 vapeur ti\u00e8de Vicks est dot\u00e9 d\u2019un dispositif de s\u00e9curit\u00e9 qui \u00e9teint automatiquement l\u2019appareil lorsqu\u2019il est vide.<\/p>\n<p>[\/et_pb_accordion_item][et_pb_accordion_item title=\u00a0\u00bbQuestion : Comment cet humidificateur fonctionne-t-il?\u00a0\u00bb open_toggle_text_color=\u00a0\u00bb#005dba\u00a0\u00bb toggle_icon=\u00a0\u00bb&#xf067;||fa||900&Prime; _builder_version=\u00a0\u00bb4.23.1&Prime; _module_preset=\u00a0\u00bbdefault\u00a0\u00bb custom_margin=\u00a0\u00bb||||false|false\u00a0\u00bb custom_padding=\u00a0\u00bb5px||15px||false|false\u00a0\u00bb border_width_all=\u00a0\u00bb0px\u00a0\u00bb border_width_left=\u00a0\u00bb2px\u00a0\u00bb border_color_left=\u00a0\u00bb#005dba\u00a0\u00bb global_colors_info=\u00a0\u00bb{}\u00a0\u00bb toggle_text_color=\u00a0\u00bb#005dba\u00a0\u00bb toggle_font=\u00a0\u00bb|700|||||||\u00a0\u00bb open=\u00a0\u00bboff\u00a0\u00bb]<\/p>\n<p>R\u00e9ponse : L\u2019eau est introduite dans la chambre d\u2019\u00e9bullition o\u00f9 un \u00e9l\u00e9ment chauffant fait bouillir l\u2019eau pour produire une vapeur ti\u00e8de et apaisante.<\/p>\n<p>[\/et_pb_accordion_item][et_pb_accordion_item title=\u00a0\u00bbQuestion : L\u2019indicateur lumineux de mise en marche est allum\u00e9, mais je ne vois aucune vapeur. Y a-t-il un probl\u00e8me avec mon appareil? \u00a0\u00bb open_toggle_text_color=\u00a0\u00bb#005dba\u00a0\u00bb toggle_icon=\u00a0\u00bb&#xf067;||fa||900&Prime; _builder_version=\u00a0\u00bb4.23.1&Prime; _module_preset=\u00a0\u00bbdefault\u00a0\u00bb custom_margin=\u00a0\u00bb||||false|false\u00a0\u00bb custom_padding=\u00a0\u00bb5px||15px||false|false\u00a0\u00bb border_width_all=\u00a0\u00bb0px\u00a0\u00bb border_width_left=\u00a0\u00bb2px\u00a0\u00bb border_color_left=\u00a0\u00bb#005dba\u00a0\u00bb global_colors_info=\u00a0\u00bb{}\u00a0\u00bb toggle_text_color=\u00a0\u00bb#005dba\u00a0\u00bb toggle_font=\u00a0\u00bb|700|||||||\u00a0\u00bb open=\u00a0\u00bboff\u00a0\u00bb]<\/p>\n<p>R\u00e9ponse : Assurez-vous qu\u2019il y a de l\u2019eau dans le r\u00e9servoir et que l\u2019\u00e9l\u00e9ment chauffant est propre. Si l\u2019appareil venait d\u2019\u00eatre \u00e9teint, il faut compter trois \u00e0 quatre minutes pour qu\u2019il d\u00e9gage une vapeur visible; l\u2019eau doit \u00eatre port\u00e9e \u00e0 une temp\u00e9rature suffisante pour produire de la vapeur. <\/p>\n<p>[\/et_pb_accordion_item][et_pb_accordion_item title=\u00a0\u00bbQuestion : Est-ce qu\u2019on peut utiliser le VapoSteam de Vicks avec ce mod\u00e8le?\u00a0\u00bb open_toggle_text_color=\u00a0\u00bb#005dba\u00a0\u00bb toggle_icon=\u00a0\u00bb&#xf067;||fa||900&Prime; _builder_version=\u00a0\u00bb4.23.1&Prime; _module_preset=\u00a0\u00bbdefault\u00a0\u00bb custom_margin=\u00a0\u00bb||||false|false\u00a0\u00bb custom_padding=\u00a0\u00bb5px||15px||false|false\u00a0\u00bb border_width_all=\u00a0\u00bb0px\u00a0\u00bb border_width_left=\u00a0\u00bb2px\u00a0\u00bb border_color_left=\u00a0\u00bb#005dba\u00a0\u00bb global_colors_info=\u00a0\u00bb{}\u00a0\u00bb toggle_text_color=\u00a0\u00bb#005dba\u00a0\u00bb toggle_font=\u00a0\u00bb|700|||||||\u00a0\u00bb open=\u00a0\u00bboff\u00a0\u00bb]<\/p>\n<p>R\u00e9ponse : Oui, le VapoSteam de Vicks peut \u00eatre utilis\u00e9 dans le godet \u00e0 produit inhalant pour produire une vapeur apaisante qui contribue \u00e0 soulager la toux. Cet appareil est \u00e9galement dot\u00e9 d\u2019un compartiment pour les VapoPads de Vicks. <\/p>\n<p>[\/et_pb_accordion_item][et_pb_accordion_item title=\u00a0\u00bbQuestion : O\u00f9 faut-il placer cet humidificateur pour une efficacit\u00e9 optimale?\u00a0\u00bb open_toggle_text_color=\u00a0\u00bb#005dba\u00a0\u00bb toggle_icon=\u00a0\u00bb&#xf067;||fa||900&Prime; _builder_version=\u00a0\u00bb4.23.1&Prime; _module_preset=\u00a0\u00bbdefault\u00a0\u00bb custom_margin=\u00a0\u00bb||||false|false\u00a0\u00bb custom_padding=\u00a0\u00bb5px||15px||false|false\u00a0\u00bb border_width_all=\u00a0\u00bb0px\u00a0\u00bb border_width_left=\u00a0\u00bb2px\u00a0\u00bb border_color_left=\u00a0\u00bb#005dba\u00a0\u00bb global_colors_info=\u00a0\u00bb{}\u00a0\u00bb toggle_text_color=\u00a0\u00bb#005dba\u00a0\u00bb toggle_font=\u00a0\u00bb|700|||||||\u00a0\u00bb open=\u00a0\u00bboff\u00a0\u00bb]<\/p>\n<p>R\u00e9ponse : Id\u00e9alement, l\u2019humidificateur devrait \u00eatre plac\u00e9 au centre de la pi\u00e8ce. Cependant, si ce n\u2019est pas possible, voici certaines pr\u00e9cautions \u00e9l\u00e9mentaires qu\u2019il faut prendre. Placez l\u2019appareil sur une surface ferme, plane et \u00e9tanche \u00e0 AU MOINS quatre pieds (1,2 m) du lit et \u00e0 12 pouces (30 cm) du mur, des meubles, des rideaux, etc. Assurez-vous qu\u2019il n\u2019entrave pas le passage et qu\u2019il ne repr\u00e9sente pas un risque d\u2019incendie (c.-\u00e0-d. risque de basculement). Comme l\u2019appareil porte l\u2019eau \u00e0 \u00e9bullition et d\u00e9gage de la vapeur, vous voulez \u00e9galement vous assurer qu\u2019il est hors de port\u00e9e des enfants et des animaux de compagnie.   <\/p>\n<p>[\/et_pb_accordion_item][et_pb_accordion_item title=\u00a0\u00bb Question : Pourquoi y a-t-il de la condensation autour de l\u2019appareil et sur les murs, le plafond, les fen\u00eatres, etc.? O\u00f9 est le probl\u00e8me?\u00a0\u00bb open_toggle_text_color=\u00a0\u00bb#005dba\u00a0\u00bb toggle_icon=\u00a0\u00bb&#xf067;||fa||900&Prime; _builder_version=\u00a0\u00bb4.23.1&Prime; _module_preset=\u00a0\u00bbdefault\u00a0\u00bb custom_margin=\u00a0\u00bb||||false|false\u00a0\u00bb custom_padding=\u00a0\u00bb5px||15px||false|false\u00a0\u00bb border_width_all=\u00a0\u00bb0px\u00a0\u00bb border_width_left=\u00a0\u00bb2px\u00a0\u00bb border_color_left=\u00a0\u00bb#005dba\u00a0\u00bb global_colors_info=\u00a0\u00bb{}\u00a0\u00bb toggle_text_color=\u00a0\u00bb#005dba\u00a0\u00bb toggle_font=\u00a0\u00bb|700|||||||\u00a0\u00bb open=\u00a0\u00bboff\u00a0\u00bb]<\/p>\n<p>R\u00e9ponse : Le taux d\u2019humidit\u00e9 de la pi\u00e8ce est trop \u00e9lev\u00e9 et l\u2019air pourrait devenir satur\u00e9. Si la pi\u00e8ce devient satur\u00e9e, il est recommand\u00e9 d\u2019ouvrir la porte et d\u2019\u00e9teindre l\u2019humidificateur ou de le r\u00e9gler \u00e0 basse vitesse. <\/p>\n<p>[\/et_pb_accordion_item][et_pb_accordion_item title=\u00a0\u00bbQuestion : Pourquoi mon appareil pr\u00e9sente-t-il des fuites d\u2019eau?\u00a0\u00bb open_toggle_text_color=\u00a0\u00bb#005dba\u00a0\u00bb toggle_icon=\u00a0\u00bb&#xf067;||fa||900&Prime; _builder_version=\u00a0\u00bb4.23.1&Prime; _module_preset=\u00a0\u00bbdefault\u00a0\u00bb custom_margin=\u00a0\u00bb||||false|false\u00a0\u00bb custom_padding=\u00a0\u00bb5px||15px||false|false\u00a0\u00bb border_width_all=\u00a0\u00bb0px\u00a0\u00bb border_width_left=\u00a0\u00bb2px\u00a0\u00bb border_color_left=\u00a0\u00bb#005dba\u00a0\u00bb global_colors_info=\u00a0\u00bb{}\u00a0\u00bb toggle_text_color=\u00a0\u00bb#005dba\u00a0\u00bb toggle_font=\u00a0\u00bb|700|||||||\u00a0\u00bb open=\u00a0\u00bboff\u00a0\u00bb]<\/p>\n<p><span>R\u00e9ponse : Assurez-vous que l\u2019appareil est plac\u00e9 sur une surface plane, qu\u2019il n\u2019y a pas de fissures visibles dans le r\u00e9servoir et que le bouchon est bien viss\u00e9. <\/span><\/p>\n<p>[\/et_pb_accordion_item][et_pb_accordion_item title=\u00a0\u00bbQuestion : O\u00f9 puis-je trouver le guide de l\u2019utilisateur?\u00a0\u00bb open_toggle_text_color=\u00a0\u00bb#005dba\u00a0\u00bb toggle_icon=\u00a0\u00bb&#xf067;||fa||900&Prime; _builder_version=\u00a0\u00bb4.23.1&Prime; _module_preset=\u00a0\u00bbdefault\u00a0\u00bb custom_margin=\u00a0\u00bb||||false|false\u00a0\u00bb custom_padding=\u00a0\u00bb5px||15px||false|false\u00a0\u00bb hover_enabled=\u00a0\u00bb0&Prime; border_width_all=\u00a0\u00bb0px\u00a0\u00bb border_width_left=\u00a0\u00bb2px\u00a0\u00bb border_color_left=\u00a0\u00bb#005dba\u00a0\u00bb global_colors_info=\u00a0\u00bb{}\u00a0\u00bb toggle_text_color=\u00a0\u00bb#005dba\u00a0\u00bb toggle_font=\u00a0\u00bb|700|||||||\u00a0\u00bb open=\u00a0\u00bboff\u00a0\u00bb sticky_enabled=\u00a0\u00bb0&Prime;]<\/p>\n<p><span>R\u00e9ponse : Pour t\u00e9l\u00e9charger le guide de l\u2019utilisateur, cliquez <a href=\"\/wp-content\/uploads\/VWM845C-Owners-Manual.pdf\">ici<\/a><\/span><\/p>\n<p>[\/et_pb_accordion_item][\/et_pb_accordion][et_pb_sidebar area=\u00a0\u00bbet_pb_widget_area_3&Prime; disabled_on=\u00a0\u00bboff|on|on\u00a0\u00bb _builder_version=\u00a0\u00bb4.21.0&Prime; _module_preset=\u00a0\u00bbdefault\u00a0\u00bb global_colors_info=\u00a0\u00bb{}\u00a0\u00bb][\/et_pb_sidebar][\/et_pb_column_inner][\/et_pb_row_inner][\/et_pb_column][\/et_pb_section][et_pb_section fb_built=\u00a0\u00bb1&Prime; module_class=\u00a0\u00bbfaq-icon-row\u00a0\u00bb _builder_version=\u00a0\u00bb4.21.0&Prime; _module_preset=\u00a0\u00bbdefault\u00a0\u00bb global_module=\u00a0\u00bb10863&Prime; global_colors_info=\u00a0\u00bb{}\u00a0\u00bb][et_pb_row _builder_version=\u00a0\u00bb4.21.0&Prime; _module_preset=\u00a0\u00bbdefault\u00a0\u00bb custom_padding=\u00a0\u00bb13px||6px|||\u00a0\u00bb global_colors_info=\u00a0\u00bb{}\u00a0\u00bb][et_pb_column type=\u00a0\u00bb4_4&Prime; _builder_version=\u00a0\u00bb4.21.0&Prime; _module_preset=\u00a0\u00bbdefault\u00a0\u00bb global_colors_info=\u00a0\u00bb{}\u00a0\u00bb][et_pb_text _builder_version=\u00a0\u00bb4.21.0&Prime; _module_preset=\u00a0\u00bbdefault\u00a0\u00bb global_colors_info=\u00a0\u00bb{}\u00a0\u00bb]<\/p>\n<h3 style=\"text-align: center;\"><span>Pour toute aide suppl\u00e9mentaire<\/span><\/h3>\n<p>[\/et_pb_text][\/et_pb_column][\/et_pb_row][et_pb_row column_structure=\u00a0\u00bb1_3,1_3,1_3&Prime; _builder_version=\u00a0\u00bb4.21.0&Prime; _module_preset=\u00a0\u00bbdefault\u00a0\u00bb custom_padding=\u00a0\u00bb11px|||||\u00a0\u00bb global_colors_info=\u00a0\u00bb{}\u00a0\u00bb][et_pb_column type=\u00a0\u00bb1_3&Prime; _builder_version=\u00a0\u00bb4.21.0&Prime; _module_preset=\u00a0\u00bbdefault\u00a0\u00bb global_colors_info=\u00a0\u00bb{}\u00a0\u00bb][et_pb_image src=\u00a0\u00bbhttps:\/\/www.vickshumidifiers.ca\/wp-content\/uploads\/Call_Us_80x80.png\u00a0\u00bb title_text=\u00a0\u00bbT\u00e9l\u00e9phone_80x80&Prime; align=\u00a0\u00bbcenter\u00a0\u00bb _builder_version=\u00a0\u00bb4.21.0&Prime; _module_preset=\u00a0\u00bbdefault\u00a0\u00bb global_colors_info=\u00a0\u00bb{}\u00a0\u00bb][\/et_pb_image][et_pb_text _builder_version=\u00a0\u00bb4.21.0&Prime; _module_preset=\u00a0\u00bbdefault\u00a0\u00bb global_colors_info=\u00a0\u00bb{}\u00a0\u00bb]<\/p>\n<h3 style=\"text-align: center;\">T\u00e9l\u00e9phone<\/h3>\n<p style=\"text-align: center;\"><a href=\"tel:1-800-477-0457\">(800) 477 &#8211; 0457<\/a><br \/>Du lundi au vendredi<br \/>De 9 h \u00e0 17 h HNE<\/p>\n<p>[\/et_pb_text][\/et_pb_column][et_pb_column type=\u00a0\u00bb1_3&Prime; _builder_version=\u00a0\u00bb4.21.0&Prime; _module_preset=\u00a0\u00bbdefault\u00a0\u00bb global_colors_info=\u00a0\u00bb{}\u00a0\u00bb][et_pb_image src=\u00a0\u00bbhttps:\/\/www.vickshumidifiers.ca\/wp-content\/uploads\/Email_80x80.png\u00a0\u00bb title_text=\u00a0\u00bbCourriel_80x80&Prime; align=\u00a0\u00bbcenter\u00a0\u00bb _builder_version=\u00a0\u00bb4.21.0&Prime; _module_preset=\u00a0\u00bbdefault\u00a0\u00bb global_colors_info=\u00a0\u00bb{}\u00a0\u00bb][\/et_pb_image][et_pb_text _builder_version=\u00a0\u00bb4.21.0&Prime; _module_preset=\u00a0\u00bbdefault\u00a0\u00bb global_colors_info=\u00a0\u00bb{}\u00a0\u00bb]<\/p>\n<h3 style=\"text-align: center;\">Courriel<\/h3>\n<p style=\"text-align: center;\">Envoyer vos questions \u00e0 :<br \/><a href=\"mailto:consumerrelations@helenoftroy.com\">consumerrelations@helenoftroy.com<\/a><\/p>\n<p>[\/et_pb_text][\/et_pb_column][et_pb_column type=\u00a0\u00bb1_3&Prime; _builder_version=\u00a0\u00bb4.21.0&Prime; _module_preset=\u00a0\u00bbdefault\u00a0\u00bb global_colors_info=\u00a0\u00bb{}\u00a0\u00bb][et_pb_image src=\u00a0\u00bbhttps:\/\/www.vickshumidifiers.ca\/wp-content\/uploads\/Support_80x80.png\u00a0\u00bb title_text=\u00a0\u00bbSoutien_80x80&Prime; url=\u00a0\u00bbhttps:\/\/www.vickshumidifiers.ca\/fr\/soutien\/\u00a0\u00bb align=\u00a0\u00bbcenter\u00a0\u00bb _builder_version=\u00a0\u00bb4.21.0&Prime; _module_preset=\u00a0\u00bbdefault\u00a0\u00bb global_colors_info=\u00a0\u00bb{}\u00a0\u00bb][\/et_pb_image][et_pb_text _builder_version=\u00a0\u00bb4.21.0&Prime; _module_preset=\u00a0\u00bbdefault\u00a0\u00bb link_option_url=\u00a0\u00bbhttps:\/\/www.vickshumidifiers.ca\/fr\/soutien\/\u00a0\u00bb global_colors_info=\u00a0\u00bb{}\u00a0\u00bb]<\/p>\n<h3 style=\"text-align: center;\">Soutien Vicks<\/h3>\n<p style=\"text-align: center;\">Vos questions ont une r\u00e9ponse pour tous les produits Vicks<\/p>\n<p>[\/et_pb_text][\/et_pb_column][\/et_pb_row][\/et_pb_section]<\/p>\n","protected":false},"excerpt":{"rendered":"<p>Foire aux questions Humidificateur \u00e0 vapeur ti\u00e8de VWM845CHUMIDIFICATEUR \u00c0 VAPEUR TI\u00c8DE VICKS VWM845 \u2013 GUIDE DE D\u00c9MARRAGERegardez la vid\u00e9o (version anglaise seulement) pour savoir comment installer et utiliser votre nouvel humidificateur \u00e0 vapeur ti\u00e8de Vicks VWM845.HUMIDIFICATEUR \u00c0 VAPEUR TI\u00c8DE VICKS VWM845 \u2013 COMMENT LE NETTOYERRegardez la vid\u00e9o (version anglaise seulement) pour savoir comment nettoyer votre [&hellip;]<\/p>\n","protected":false},"author":1,"featured_media":0,"parent":0,"menu_order":0,"comment_status":"closed","ping_status":"closed","template":"","meta":{"_acf_changed":false,"_et_pb_use_builder":"on","_et_pb_old_content":"","_et_gb_content_width":"","footnotes":""},"class_list":["post-16411","page","type-page","status-publish","hentry"],"acf":[],"_links":{"self":[{"href":"https:\/\/vickshumidifiers.ca\/fr\/wp-json\/wp\/v2\/pages\/16411","targetHints":{"allow":["GET"]}}],"collection":[{"href":"https:\/\/vickshumidifiers.ca\/fr\/wp-json\/wp\/v2\/pages"}],"about":[{"href":"https:\/\/vickshumidifiers.ca\/fr\/wp-json\/wp\/v2\/types\/page"}],"author":[{"embeddable":true,"href":"https:\/\/vickshumidifiers.ca\/fr\/wp-json\/wp\/v2\/users\/1"}],"replies":[{"embeddable":true,"href":"https:\/\/vickshumidifiers.ca\/fr\/wp-json\/wp\/v2\/comments?post=16411"}],"version-history":[{"count":4,"href":"https:\/\/vickshumidifiers.ca\/fr\/wp-json\/wp\/v2\/pages\/16411\/revisions"}],"predecessor-version":[{"id":16717,"href":"https:\/\/vickshumidifiers.ca\/fr\/wp-json\/wp\/v2\/pages\/16411\/revisions\/16717"}],"wp:attachment":[{"href":"https:\/\/vickshumidifiers.ca\/fr\/wp-json\/wp\/v2\/media?parent=16411"}],"curies":[{"name":"wp","href":"https:\/\/api.w.org\/{rel}","templated":true}]}}