{"id":16388,"date":"2023-10-03T06:22:09","date_gmt":"2023-10-03T10:22:09","guid":{"rendered":"https:\/\/www.vickshumidifiers.ca\/thermometre-medical-a-infrarouge-sans-contact-vnt275ca-vicks-faq\/"},"modified":"2024-10-08T10:14:54","modified_gmt":"2024-10-08T14:14:54","slug":"vnt275ca-faq","status":"publish","type":"page","link":"https:\/\/vickshumidifiers.ca\/fr\/vnt275ca-faq\/","title":{"rendered":"Thermom\u00e8tre m\u00e9dical \u00e0 infrarouge sans contact VNT275CA Vicks &#8211; FAQ"},"content":{"rendered":"<p>[et_pb_section fb_built=\u00a0\u00bb1&Prime; specialty=\u00a0\u00bbon\u00a0\u00bb _builder_version=\u00a0\u00bb4.21.0&Prime; _module_preset=\u00a0\u00bbdefault\u00a0\u00bb custom_padding=\u00a0\u00bb7px||15px|||\u00a0\u00bb global_colors_info=\u00a0\u00bb{}\u00a0\u00bb][et_pb_column type=\u00a0\u00bb1_4&Prime; _builder_version=\u00a0\u00bb4.16&Prime; custom_padding=\u00a0\u00bb|||\u00a0\u00bb global_colors_info=\u00a0\u00bb{}\u00a0\u00bb custom_padding__hover=\u00a0\u00bb|||\u00a0\u00bb][et_pb_sidebar area=\u00a0\u00bbet_pb_widget_area_3&Prime; disabled_on=\u00a0\u00bbon|off|off\u00a0\u00bb _builder_version=\u00a0\u00bb4.21.0&Prime; _module_preset=\u00a0\u00bbdefault\u00a0\u00bb global_colors_info=\u00a0\u00bb{}\u00a0\u00bb][\/et_pb_sidebar][\/et_pb_column][et_pb_column type=\u00a0\u00bb3_4&Prime; specialty_columns=\u00a0\u00bb3&Prime; _builder_version=\u00a0\u00bb4.16&Prime; custom_padding=\u00a0\u00bb|||\u00a0\u00bb global_colors_info=\u00a0\u00bb{}\u00a0\u00bb custom_padding__hover=\u00a0\u00bb|||\u00a0\u00bb][et_pb_row_inner _builder_version=\u00a0\u00bb4.21.0&Prime; _module_preset=\u00a0\u00bbdefault\u00a0\u00bb custom_padding=\u00a0\u00bb11px||0px|||\u00a0\u00bb global_colors_info=\u00a0\u00bb{}\u00a0\u00bb][et_pb_column_inner saved_specialty_column_type=\u00a0\u00bb3_4&Prime; _builder_version=\u00a0\u00bb4.21.0&Prime; _module_preset=\u00a0\u00bbdefault\u00a0\u00bb global_colors_info=\u00a0\u00bb{}\u00a0\u00bb][et_pb_text module_class=\u00a0\u00bbfaq-title\u00a0\u00bb _builder_version=\u00a0\u00bb4.23.1&Prime; _module_preset=\u00a0\u00bbdefault\u00a0\u00bb header_text_color=\u00a0\u00bb#005dba\u00a0\u00bb global_colors_info=\u00a0\u00bb{}\u00a0\u00bb]<\/p>\n<h1 data-content-type=\"heading\" data-appearance=\"default\" data-element=\"main\" data-pb-style=\"IJB5P5I\"><span style=\"color: #015dbc;\">Foire aux questions<\/span><\/h1>\n<h2 class=\"c-primary\" data-content-type=\"heading\" data-appearance=\"default\" data-element=\"main\" data-pb-style=\"618E279B1AD50\">Thermom\u00e8tre sans contact VNT275CA \u2013 FAQ<\/h2>\n<p>[\/et_pb_text][\/et_pb_column_inner][\/et_pb_row_inner][et_pb_row_inner _builder_version=\u00a0\u00bb4.21.0&Prime; _module_preset=\u00a0\u00bbdefault\u00a0\u00bb custom_padding=\u00a0\u00bb10px|||||\u00a0\u00bb global_colors_info=\u00a0\u00bb{}\u00a0\u00bb][et_pb_column_inner saved_specialty_column_type=\u00a0\u00bb3_4&Prime; _builder_version=\u00a0\u00bb4.21.0&Prime; _module_preset=\u00a0\u00bbdefault\u00a0\u00bb global_colors_info=\u00a0\u00bb{}\u00a0\u00bb][et_pb_accordion toggle_icon=\u00a0\u00bb&#xf067;||fa||900&Prime; _builder_version=\u00a0\u00bb4.23.1&Prime; _module_preset=\u00a0\u00bbdefault\u00a0\u00bb closed_toggle_font=\u00a0\u00bb|600|||||||\u00a0\u00bb global_colors_info=\u00a0\u00bb{}\u00a0\u00bb][et_pb_accordion_item title=\u00a0\u00bbQuestion : Quelle est la meilleure fa\u00e7on d\u2019obtenir une mesure pr\u00e9cise de mon thermom\u00e8tre?\u00a0\u00bb open_toggle_text_color=\u00a0\u00bb#005dba\u00a0\u00bb toggle_icon=\u00a0\u00bb&#xf067;||fa||900&Prime; _builder_version=\u00a0\u00bb4.23.1&Prime; _module_preset=\u00a0\u00bbdefault\u00a0\u00bb custom_margin=\u00a0\u00bb||||false|false\u00a0\u00bb custom_padding=\u00a0\u00bb5px||15px||false|false\u00a0\u00bb border_width_all=\u00a0\u00bb0px\u00a0\u00bb border_width_left=\u00a0\u00bb2px\u00a0\u00bb border_color_left=\u00a0\u00bb#005dba\u00a0\u00bb global_colors_info=\u00a0\u00bb{}\u00a0\u00bb toggle_text_color=\u00a0\u00bb#005dba\u00a0\u00bb toggle_font=\u00a0\u00bb|700|||||||\u00a0\u00bb open=\u00a0\u00bboff\u00a0\u00bb]<\/p>\n<p>R\u00e9ponse :<\/p>\n<p>Le thermom\u00e8tre sans contact Vicks a \u00e9t\u00e9 con\u00e7u pour d\u00e9terminer la temp\u00e9rature corporelle en prenant la temp\u00e9rature au centre du front. Pour obtenir une mesure la plus pr\u00e9cise possible : <\/p>\n<ul>\n<li>Le thermom\u00e8tre doit avoir \u00e9t\u00e9 expos\u00e9 \u00e0 la temp\u00e9rature ambiante pendant 30 minutes avant d\u2019effectuer la mesure. La temp\u00e9rature de la pi\u00e8ce doit se situer entre 15 \u00b0 C et 40 \u00b0 C (59 \u00b0 F et 104 \u00b0 F). <\/li>\n<li>La temp\u00e9rature ambiante autour de la personne doit \u00eatre stable. Ne PAS mesurer la temp\u00e9rature d\u2019une personne si elle est \u00e0 proximit\u00e9 d\u2019un flux d\u2019air provenant d\u2019un ventilateur ou d\u2019un climatiseur. <\/li>\n<li>Si la personne passe d\u2019une pi\u00e8ce o\u00f9 la temp\u00e9rature est basse \u00e0 une pi\u00e8ce o\u00f9 la temp\u00e9rature est plus \u00e9lev\u00e9e, vous devez attendre au moins cinq minutes pour qu\u2019elle s\u2019acclimate \u00e0 la temp\u00e9rature ambiante avant de prendre sa temp\u00e9rature.<\/li>\n<li>Dans le cas o\u00f9 vous ne pouvez pas suivre les consignes d\u2019acclimatation \u00e0 la temp\u00e9rature ambiante du fait que cet appareil est utilis\u00e9 comme un outil de d\u00e9pistage, il se peut que la mesure de temp\u00e9rature soit l\u00e9g\u00e8rement trop haute ou trop basse du fait qu\u2019il y a un \u00e9cart de temp\u00e9rature entre l\u2019endroit o\u00f9 \u00e9taient ces personnes et celle de la pi\u00e8ce o\u00f9 leur temp\u00e9rature est prise. Si c\u2019est le cas, comparez les mesures prises pour les diff\u00e9rentes personnes; toute personne dont la temp\u00e9rature est sup\u00e9rieure ou inf\u00e9rieure de 0,8 \u00b0 C (1,5 \u00b0 F) \u00e0 la normale doit faire l\u2019objet d\u2019une nouvelle mesure de temp\u00e9rature, apr\u00e8s la p\u00e9riode d\u2019acclimatation recommand\u00e9e. <\/li>\n<li>Attendez au moins une seconde avant d\u2019effectuer une autre mesure de temp\u00e9rature. Si vous faites cinq mesures cons\u00e9cutives, il est recommand\u00e9 d\u2019attendre au moins 30 secondes avant de recommencer. <\/li>\n<li><strong>N\u2019utilisez PAS<\/strong> ce thermom\u00e8tre si la personne est expos\u00e9e \u00e0 la lumi\u00e8re directe du soleil.<\/li>\n<li>Le thermom\u00e8tre doit cibler le milieu du front \u00e0 une distance verticale de 1 \u00e0 5 cm (0,4 \u00e0 2,0 po) pour mesurer la temp\u00e9rature corporelle; il doit \u00eatre positionn\u00e9 entre les sourcils et l\u00e9g\u00e8rement plus haut.<\/li>\n<\/ul>\n<p><img loading=\"lazy\" decoding=\"async\" src=\"\/wp-content\/uploads\/VNT275CA-Figure-3-Measuring-Position-and-Distance.png\" width=\"368\" height=\"150\" alt=\"\" class=\"wp-image-13234 aligncenter size-full\"><\/p>\n<p>[\/et_pb_accordion_item][et_pb_accordion_item title=\u00a0\u00bbQuestion : Que faut-il faire pour mesurer la temp\u00e9rature de la nourriture ou de l\u2019eau du bain?\u00a0\u00bb open_toggle_text_color=\u00a0\u00bb#005dba\u00a0\u00bb toggle_icon=\u00a0\u00bb&#xf067;||fa||900&Prime; _builder_version=\u00a0\u00bb4.23.1&Prime; _module_preset=\u00a0\u00bbdefault\u00a0\u00bb custom_margin=\u00a0\u00bb||||false|false\u00a0\u00bb custom_padding=\u00a0\u00bb5px||15px||false|false\u00a0\u00bb border_width_all=\u00a0\u00bb0px\u00a0\u00bb border_width_left=\u00a0\u00bb2px\u00a0\u00bb border_color_left=\u00a0\u00bb#005dba\u00a0\u00bb global_colors_info=\u00a0\u00bb{}\u00a0\u00bb toggle_text_color=\u00a0\u00bb#005dba\u00a0\u00bb toggle_font=\u00a0\u00bb|700|||||||\u00a0\u00bb open=\u00a0\u00bboff\u00a0\u00bb]<\/p>\n<p>R\u00e9ponse :<\/p>\n<ol>\n<li>Lorsque l\u2019appareil est sous tension, appuyez sur le bouton MODE pour passer du mode temp\u00e9rature corporelle au mode temp\u00e9rature de surface. Au haut de l\u2019\u00e9cran LCD, le mot \u00ab Body \u00bb sera remplac\u00e9 par le mot \u00ab Surface \u00bb. <\/li>\n<li>Positionnez le thermom\u00e8tre \u00e0 une distance de 0,4 \u00e0 2 po (1 \u00e0 5 cm) de la nourriture ou de l\u2019eau du bain. Assurez-vous de pointer directement le thermom\u00e8tre vers la nourriture ou l\u2019eau du bain et non pas sur les parois du r\u00e9cipient contenant la nourriture ou sur les parois de la baignoire. Le thermom\u00e8tre ne doit pas \u00eatre plac\u00e9 directement dans la ligne de vapeur, car cela peut avoir pour effet de fausser la mesure. Ne touchez PAS la nourriture ou l\u2019eau du bain avec le thermom\u00e8tre.   <\/li>\n<li>Appuyez sur le bouton MARCHE\/ARR\u00caT (g\u00e2chette) pour prendre la mesure.<\/li>\n<li>La mesure de temp\u00e9rature est affich\u00e9e sur l\u2019\u00e9cran LCD. Remarque : en mode Surface, le r\u00e9tro\u00e9clairage est vert, quelle que soit la mesure de temp\u00e9rature. <\/li>\n<\/ol>\n<p>[\/et_pb_accordion_item][et_pb_accordion_item title=\u00a0\u00bbQuestion : Que faut-il faire pour afficher ou supprimer des mesures en m\u00e9moire?\u00a0\u00bb open_toggle_text_color=\u00a0\u00bb#005dba\u00a0\u00bb toggle_icon=\u00a0\u00bb&#xf067;||fa||900&Prime; _builder_version=\u00a0\u00bb4.23.1&Prime; _module_preset=\u00a0\u00bbdefault\u00a0\u00bb custom_margin=\u00a0\u00bb||||false|false\u00a0\u00bb custom_padding=\u00a0\u00bb5px||15px||false|false\u00a0\u00bb border_width_all=\u00a0\u00bb0px\u00a0\u00bb border_width_left=\u00a0\u00bb2px\u00a0\u00bb border_color_left=\u00a0\u00bb#005dba\u00a0\u00bb global_colors_info=\u00a0\u00bb{}\u00a0\u00bb toggle_text_color=\u00a0\u00bb#005dba\u00a0\u00bb toggle_font=\u00a0\u00bb|700|||||||\u00a0\u00bb open=\u00a0\u00bboff\u00a0\u00bb]<\/p>\n<p>R\u00e9ponse :<\/p>\n<p>La derni\u00e8re mesure de temp\u00e9rature prise avant d\u2019\u00e9teindre le thermom\u00e8tre est enregistr\u00e9e dans la m\u00e9moire qui peut stocker jusqu\u2019\u00e0 50 mesures.<\/p>\n<ol>\n<li>Appuyez sur le bouton \u00ab M\u00c9MO \u00bb pour afficher l\u2019historique des mesures en m\u00e9moire. Pour acc\u00e9der \u00e0 la m\u00e9moire, il n\u2019est pas n\u00e9cessaire de mettre le thermom\u00e8tre en marche.<\/li>\n<li>An empty memory cell shows \u201c&#8212;-\u00b0 C\u201d or \u201c&#8212;-\u00b0 F\u201d.<\/li>\n<li>Les mesures de temp\u00e9rature peuvent \u00eatre stock\u00e9es en m\u00e9moire, jusqu\u2019\u00e0 concurrence de 50 mesures. Les nouvelles lectures effacent automatiquement les donn\u00e9es ant\u00e9rieures. <\/li>\n<li>Lorsque le thermom\u00e8tre est allum\u00e9, appuyez sur le bouton \u00ab M\u00c9MO \u00bb jusqu\u2019\u00e0 ce que l\u2019\u00e9cran LCD affiche le message \u00ab CLR \u00bb, ce qui signifie que toutes les mesures en m\u00e9moire ont \u00e9t\u00e9 effac\u00e9es.<\/li>\n<\/ol>\n<p>[\/et_pb_accordion_item][et_pb_accordion_item title=\u00a0\u00bbQuestion : Que faut-il faire pour passer de l\u2019affichage en Celsius \u00e0 l\u2019affichage en Fahrenheit (ou vice versa)?\u00a0\u00bb open_toggle_text_color=\u00a0\u00bb#005dba\u00a0\u00bb toggle_icon=\u00a0\u00bb&#xf067;||fa||900&Prime; _builder_version=\u00a0\u00bb4.23.1&Prime; _module_preset=\u00a0\u00bbdefault\u00a0\u00bb custom_margin=\u00a0\u00bb||||false|false\u00a0\u00bb custom_padding=\u00a0\u00bb5px||15px||false|false\u00a0\u00bb border_width_all=\u00a0\u00bb0px\u00a0\u00bb border_width_left=\u00a0\u00bb2px\u00a0\u00bb border_color_left=\u00a0\u00bb#005dba\u00a0\u00bb global_colors_info=\u00a0\u00bb{}\u00a0\u00bb toggle_text_color=\u00a0\u00bb#005dba\u00a0\u00bb toggle_font=\u00a0\u00bb|700|||||||\u00a0\u00bb open=\u00a0\u00bboff\u00a0\u00bb]<\/p>\n<p>R\u00e9ponse : Pour changer d\u2019\u00e9chelle de temp\u00e9rature, soit de Celsius \u00e0 Fahrenheit ou vice versa, suivez les \u00e9tapes ci-dessous :<\/p>\n<ol>\n<li>Mettez le thermom\u00e8tre en marche en appuyant sur le bouton Marche\/Arr\u00eat<\/li>\n<li>Appuyez sur le bouton R\u00c9GLAGE et maintenez-le enfonc\u00e9 pour entrer F1<\/li>\n<li>Appuyez sur le bouton MODE ou M\u00c9MO pour changer d\u2019\u00e9chelle de temp\u00e9rature, soit Celsius ou Fahrenheit<\/li>\n<li>Appuyez sur le bouton Marche\/Arr\u00eat pour confirmer le r\u00e9glage (la valeur par d\u00e9faut est Celsius)<\/li>\n<\/ol>\n<p>[\/et_pb_accordion_item][et_pb_accordion_item title=\u00a0\u00bbQuestion : Que faut-il faire pour activer le mode sonore ou le d\u00e9sactiver?\u00a0\u00bb open_toggle_text_color=\u00a0\u00bb#005dba\u00a0\u00bb toggle_icon=\u00a0\u00bb&#xf067;||fa||900&Prime; _builder_version=\u00a0\u00bb4.23.1&Prime; _module_preset=\u00a0\u00bbdefault\u00a0\u00bb custom_margin=\u00a0\u00bb||||false|false\u00a0\u00bb custom_padding=\u00a0\u00bb5px||15px||false|false\u00a0\u00bb border_width_all=\u00a0\u00bb0px\u00a0\u00bb border_width_left=\u00a0\u00bb2px\u00a0\u00bb border_color_left=\u00a0\u00bb#005dba\u00a0\u00bb global_colors_info=\u00a0\u00bb{}\u00a0\u00bb toggle_text_color=\u00a0\u00bb#005dba\u00a0\u00bb toggle_font=\u00a0\u00bb|700|||||||\u00a0\u00bb open=\u00a0\u00bboff\u00a0\u00bb]<\/p>\n<p>R\u00e9ponse : Lorsque le thermom\u00e8tre est allum\u00e9, appuyer sur le bouton \u00ab R\u00c9GLAGE \u00bb pour activer le mode sonore ou le d\u00e9sactiver.<\/p>\n<p>[\/et_pb_accordion_item][et_pb_accordion_item title=\u00a0\u00bbQuestion : Que faut-il faire pour changer la pile du thermom\u00e8tre?\u00a0\u00bb open_toggle_text_color=\u00a0\u00bb#005dba\u00a0\u00bb toggle_icon=\u00a0\u00bb&#xf067;||fa||900&Prime; _builder_version=\u00a0\u00bb4.23.1&Prime; _module_preset=\u00a0\u00bbdefault\u00a0\u00bb custom_margin=\u00a0\u00bb||||false|false\u00a0\u00bb custom_padding=\u00a0\u00bb5px||15px||false|false\u00a0\u00bb border_width_all=\u00a0\u00bb0px\u00a0\u00bb border_width_left=\u00a0\u00bb2px\u00a0\u00bb border_color_left=\u00a0\u00bb#005dba\u00a0\u00bb global_colors_info=\u00a0\u00bb{}\u00a0\u00bb toggle_text_color=\u00a0\u00bb#005dba\u00a0\u00bb toggle_font=\u00a0\u00bb|700|||||||\u00a0\u00bb open=\u00a0\u00bboff\u00a0\u00bb]<\/p>\n<p>R\u00e9ponse : Lorsque le symbole de pile faible clignote \u00e0 l\u2019\u00e9cran LCD, c\u2019est qu\u2019il est temps de remplacer les piles. Avant de changer les piles, assurez-vous que l\u2019appareil est mis hors tension. <\/p>\n<ol>\n<li>Ouvrez le couvercle du compartiment \u00e0 piles en suivant les indications figurant sur le couvercle.<\/li>\n<li>Retirez les piles d\u00e9charg\u00e9es et remplacez-les par deux nouvelles piles de type AAA. Assurez-vous qu\u2019elles sont align\u00e9es ad\u00e9quatement \u00e0 l\u2019int\u00e9rieur du compartiment \u00e0 piles (symboles + et \u2013). <\/li>\n<li>Replacez le couvercle du compartiment \u00e0 piles en le faisant coulisser jusqu\u2019\u00e0 ce qu\u2019il s\u2019enclenche. Ne jetez pas les piles usag\u00e9es dans les ordures m\u00e9nag\u00e8res; allez les porter dans des centres de collecte adapt\u00e9s.  <\/li>\n<li>Dans le cas o\u00f9 le thermom\u00e8tre ne se met pas en marche correctement apr\u00e8s avoir remplac\u00e9 les piles, retirez les piles et attendez 30 secondes, puis replacez les piles dans le compartiment. <\/li>\n<\/ol>\n<p>[\/et_pb_accordion_item][et_pb_accordion_item title=\u00a0\u00bbQuestion : Que faut-il faire pour nettoyer le thermom\u00e8tre?\u00a0\u00bb open_toggle_text_color=\u00a0\u00bb#005dba\u00a0\u00bb toggle_icon=\u00a0\u00bb&#xf067;||fa||900&Prime; _builder_version=\u00a0\u00bb4.23.1&Prime; _module_preset=\u00a0\u00bbdefault\u00a0\u00bb custom_margin=\u00a0\u00bb||||false|false\u00a0\u00bb custom_padding=\u00a0\u00bb5px||15px||false|false\u00a0\u00bb border_width_all=\u00a0\u00bb0px\u00a0\u00bb border_width_left=\u00a0\u00bb2px\u00a0\u00bb border_color_left=\u00a0\u00bb#005dba\u00a0\u00bb global_colors_info=\u00a0\u00bb{}\u00a0\u00bb toggle_text_color=\u00a0\u00bb#005dba\u00a0\u00bb toggle_font=\u00a0\u00bb|700|||||||\u00a0\u00bb open=\u00a0\u00bbon\u00a0\u00bb]<\/p>\n<p>R\u00e9ponse : Nous recommandons d\u2019utiliser un chiffon l\u00e9g\u00e8rement imbib\u00e9 d\u2019eau ou d\u2019alcool isopropylique pour nettoyer la surface de l\u2019appareil et l\u2019\u00e9cran LCD. N\u2019utilisez pas de solvants et ne plongez pas l\u2019appareil dans l\u2019eau ou d\u2019autres types de liquides. <\/p>\n<ol>\n<li>Essuyez soigneusement le bo\u00eetier du thermom\u00e8tre et le capteur IR.<\/li>\n<li>Apr\u00e8s avoir essuy\u00e9 le thermom\u00e8tre, laissez-le s\u00e9cher \u00e0 l\u2019air libre.<\/li>\n<\/ol>\n<p>[\/et_pb_accordion_item][et_pb_accordion_item title=\u00a0\u00bbQuestion : Quelles sont les consignes pour conserver le thermom\u00e8tre?\u00a0\u00bb open=\u00a0\u00bboff\u00a0\u00bb open_toggle_text_color=\u00a0\u00bb#005dba\u00a0\u00bb toggle_icon=\u00a0\u00bb&#xf067;||fa||900&Prime; _builder_version=\u00a0\u00bb4.23.1&Prime; _module_preset=\u00a0\u00bbdefault\u00a0\u00bb custom_margin=\u00a0\u00bb||||false|false\u00a0\u00bb custom_padding=\u00a0\u00bb5px||15px||false|false\u00a0\u00bb border_width_all=\u00a0\u00bb0px\u00a0\u00bb border_width_left=\u00a0\u00bb2px\u00a0\u00bb border_color_left=\u00a0\u00bb#005dba\u00a0\u00bb global_colors_info=\u00a0\u00bb{}\u00a0\u00bb toggle_text_color=\u00a0\u00bb#005dba\u00a0\u00bb toggle_font=\u00a0\u00bb|700|||||||\u00a0\u00bb]<\/p>\n<p>R\u00e9ponse :<\/p>\n<ul>\n<li>Rangez le thermom\u00e8tre dans un endroit offrant les conditions suivantes : plage de temp\u00e9rature de -20 \u00b0 C \u00e0 55 \u00b0 C (ou -4 \u00b0 F \u00e0 131 \u00b0 F) et plage d\u2019humidit\u00e9 (\u226493 % sans condensation).<\/li>\n<li>Il est recommand\u00e9 de stocker le thermom\u00e8tre dans un endroit sec et exempt de poussi\u00e8re. Ne pas exposer l\u2019appareil \u00e0 la lumi\u00e8re directe du soleil, \u00e0 une temp\u00e9rature ou une humidit\u00e9 \u00e9lev\u00e9e et \u00e0 des conditions extr\u00eames pour ne pas affecter son rendement. <\/li>\n<li>Lorsque la temp\u00e9rature ambiante change de fa\u00e7on excessive, par exemple si le thermom\u00e8tre passe d\u2019un endroit o\u00f9 la temp\u00e9rature est tr\u00e8s basse \u00e0 un autre o\u00f9 la temp\u00e9rature est tr\u00e8s \u00e9lev\u00e9e, il faut laisser le thermom\u00e8tre expos\u00e9 \u00e0 une temp\u00e9rature entre 15 \u00b0 C et 40 \u00b0 C (59 \u00b0 F et 104 \u00b0 F) pendant 30 minutes avant de prendre une mesure.<\/li>\n<\/ul>\n<p>[\/et_pb_accordion_item][et_pb_accordion_item title=\u00a0\u00bbQuestion : Quels d\u00e9taillants vendent ce thermom\u00e8tre?\u00a0\u00bb open=\u00a0\u00bboff\u00a0\u00bb open_toggle_text_color=\u00a0\u00bb#005dba\u00a0\u00bb toggle_icon=\u00a0\u00bb&#xf067;||fa||900&Prime; _builder_version=\u00a0\u00bb4.23.1&Prime; _module_preset=\u00a0\u00bbdefault\u00a0\u00bb custom_margin=\u00a0\u00bb||||false|false\u00a0\u00bb custom_padding=\u00a0\u00bb5px||15px||false|false\u00a0\u00bb border_width_all=\u00a0\u00bb0px\u00a0\u00bb border_width_left=\u00a0\u00bb2px\u00a0\u00bb border_color_left=\u00a0\u00bb#005dba\u00a0\u00bb global_colors_info=\u00a0\u00bb{}\u00a0\u00bb toggle_text_color=\u00a0\u00bb#005dba\u00a0\u00bb toggle_font=\u00a0\u00bb|700|||||||\u00a0\u00bb]<\/p>\n<p>Question : Quels d\u00e9taillants vendent ce thermom\u00e8tre?<\/p>\n<ul>\n<li><a href=\"https:\/\/www.jeancoutu.com\/en\/shopping\/product\/non-contact-thermometer-1-unit\/459290\/\" target=\"_blank\" rel=\"noopener\">Jean Coutu<\/a><\/li>\n<li><a href=\"https:\/\/www.londondrugs.com\/vicks-non-contact-infrared-body-thermometer---vnt275ca\/L1227443.html\" target=\"_blank\" rel=\"noopener\">London Drugs<\/a><\/li>\n<li><a href=\"https:\/\/www.walmart.ca\/en\/ip\/vicks-vnt275ca-non-contact-infrared-body-thermometer\/6000205247711\" target=\"_blank\" rel=\"noopener\">Walmart<\/a><\/li>\n<\/ul>\n<p>[\/et_pb_accordion_item][et_pb_accordion_item title=\u00a0\u00bbQuestion : O\u00f9 puis-je trouver le guide de l\u2019utilisateur?\u00a0\u00bb open_toggle_text_color=\u00a0\u00bb#005dba\u00a0\u00bb toggle_icon=\u00a0\u00bb&#xf067;||fa||900&Prime; _builder_version=\u00a0\u00bb4.23.1&Prime; _module_preset=\u00a0\u00bbdefault\u00a0\u00bb custom_margin=\u00a0\u00bb||||false|false\u00a0\u00bb custom_padding=\u00a0\u00bb5px||15px||false|false\u00a0\u00bb border_width_all=\u00a0\u00bb0px\u00a0\u00bb border_width_left=\u00a0\u00bb2px\u00a0\u00bb border_color_left=\u00a0\u00bb#005dba\u00a0\u00bb global_colors_info=\u00a0\u00bb{}\u00a0\u00bb toggle_text_color=\u00a0\u00bb#005dba\u00a0\u00bb toggle_font=\u00a0\u00bb|700|||||||\u00a0\u00bb open=\u00a0\u00bboff\u00a0\u00bb]<span>R\u00e9ponse : Pour t\u00e9l\u00e9charger le guide de l\u2019utilisateur, <\/span><a href=\"\/wp-content\/uploads\/VNT275CA-Owners-Manual.pdf\">cliquez ici.<\/a>[\/et_pb_accordion_item][\/et_pb_accordion][et_pb_sidebar area=\u00a0\u00bbet_pb_widget_area_3&Prime; disabled_on=\u00a0\u00bboff|on|on\u00a0\u00bb _builder_version=\u00a0\u00bb4.21.0&Prime; _module_preset=\u00a0\u00bbdefault\u00a0\u00bb global_colors_info=\u00a0\u00bb{}\u00a0\u00bb][\/et_pb_sidebar][\/et_pb_column_inner][\/et_pb_row_inner][\/et_pb_column][\/et_pb_section][et_pb_section fb_built=\u00a0\u00bb1&Prime; module_class=\u00a0\u00bbfaq-icon-row\u00a0\u00bb _builder_version=\u00a0\u00bb4.21.0&Prime; _module_preset=\u00a0\u00bbdefault\u00a0\u00bb global_module=\u00a0\u00bb10863&Prime; global_colors_info=\u00a0\u00bb{}\u00a0\u00bb][et_pb_row _builder_version=\u00a0\u00bb4.21.0&Prime; _module_preset=\u00a0\u00bbdefault\u00a0\u00bb custom_padding=\u00a0\u00bb13px||6px|||\u00a0\u00bb global_colors_info=\u00a0\u00bb{}\u00a0\u00bb][et_pb_column type=\u00a0\u00bb4_4&Prime; _builder_version=\u00a0\u00bb4.21.0&Prime; _module_preset=\u00a0\u00bbdefault\u00a0\u00bb global_colors_info=\u00a0\u00bb{}\u00a0\u00bb][et_pb_text _builder_version=\u00a0\u00bb4.21.0&Prime; _module_preset=\u00a0\u00bbdefault\u00a0\u00bb global_colors_info=\u00a0\u00bb{}\u00a0\u00bb]<\/p>\n<h3 style=\"text-align: center;\"><span>Pour toute aide suppl\u00e9mentaire<\/span><\/h3>\n<p>[\/et_pb_text][\/et_pb_column][\/et_pb_row][et_pb_row column_structure=\u00a0\u00bb1_3,1_3,1_3&Prime; _builder_version=\u00a0\u00bb4.21.0&Prime; _module_preset=\u00a0\u00bbdefault\u00a0\u00bb custom_padding=\u00a0\u00bb11px|||||\u00a0\u00bb global_colors_info=\u00a0\u00bb{}\u00a0\u00bb][et_pb_column type=\u00a0\u00bb1_3&Prime; _builder_version=\u00a0\u00bb4.21.0&Prime; _module_preset=\u00a0\u00bbdefault\u00a0\u00bb global_colors_info=\u00a0\u00bb{}\u00a0\u00bb][et_pb_image src=\u00a0\u00bbhttps:\/\/www.vickshumidifiers.ca\/wp-content\/uploads\/Call_Us_80x80.png\u00a0\u00bb title_text=\u00a0\u00bbT\u00e9l\u00e9phone_80x80&Prime; align=\u00a0\u00bbcenter\u00a0\u00bb _builder_version=\u00a0\u00bb4.21.0&Prime; _module_preset=\u00a0\u00bbdefault\u00a0\u00bb global_colors_info=\u00a0\u00bb{}\u00a0\u00bb][\/et_pb_image][et_pb_text _builder_version=\u00a0\u00bb4.23.1&Prime; _module_preset=\u00a0\u00bbdefault\u00a0\u00bb global_colors_info=\u00a0\u00bb{}\u00a0\u00bb]<\/p>\n<h3 style=\"text-align: center;\">T\u00e9l\u00e9phone<\/h3>\n<p style=\"text-align: center;\"><a href=\"tel:1-800-827-6712\">1.800.827.6712<\/a><br \/>Du lundi au vendredi<br \/>De 8 h \u00e0 19 h HNE<\/p>\n<p>[\/et_pb_text][\/et_pb_column][et_pb_column type=\u00a0\u00bb1_3&Prime; _builder_version=\u00a0\u00bb4.21.0&Prime; _module_preset=\u00a0\u00bbdefault\u00a0\u00bb global_colors_info=\u00a0\u00bb{}\u00a0\u00bb][et_pb_image src=\u00a0\u00bbhttps:\/\/www.vickshumidifiers.ca\/wp-content\/uploads\/Email_80x80.png\u00a0\u00bb title_text=\u00a0\u00bbCourriel_80x80&Prime; align=\u00a0\u00bbcenter\u00a0\u00bb _builder_version=\u00a0\u00bb4.21.0&Prime; _module_preset=\u00a0\u00bbdefault\u00a0\u00bb global_colors_info=\u00a0\u00bb{}\u00a0\u00bb][\/et_pb_image][et_pb_text _builder_version=\u00a0\u00bb4.23.1&Prime; _module_preset=\u00a0\u00bbdefault\u00a0\u00bb global_colors_info=\u00a0\u00bb{}\u00a0\u00bb]<\/p>\n<h3 style=\"text-align: center;\">Courriel<\/h3>\n<p style=\"text-align: center;\">Envoyer vos questions \u00e0 :<br \/><a href=\"mailto:ConsumerRelations@HelenofTroy.com\">ConsumerRelations@HelenofTroy.com<\/a><\/p>\n<p>[\/et_pb_text][\/et_pb_column][et_pb_column type=\u00a0\u00bb1_3&Prime; _builder_version=\u00a0\u00bb4.21.0&Prime; _module_preset=\u00a0\u00bbdefault\u00a0\u00bb global_colors_info=\u00a0\u00bb{}\u00a0\u00bb][et_pb_image src=\u00a0\u00bbhttps:\/\/www.vickshumidifiers.ca\/wp-content\/uploads\/Support_80x80.png\u00a0\u00bb title_text=\u00a0\u00bbSoutien_80x80&Prime; url=\u00a0\u00bbhttps:\/\/www.vickshumidifiers.ca\/fr\/soutien\/\u00a0\u00bb align=\u00a0\u00bbcenter\u00a0\u00bb _builder_version=\u00a0\u00bb4.21.0&Prime; _module_preset=\u00a0\u00bbdefault\u00a0\u00bb global_colors_info=\u00a0\u00bb{}\u00a0\u00bb][\/et_pb_image][et_pb_text _builder_version=\u00a0\u00bb4.23.1&Prime; _module_preset=\u00a0\u00bbdefault\u00a0\u00bb link_option_url=\u00a0\u00bbhttps:\/\/www.vickshumidifiers.ca\/fr\/soutien\/\u00a0\u00bb global_colors_info=\u00a0\u00bb{}\u00a0\u00bb]<\/p>\n<h3 style=\"text-align: center;\">Soutien Vicks<\/h3>\n<p style=\"text-align: center;\">Nous sommes l\u00e0 pour vous<\/p>\n<p>[\/et_pb_text][\/et_pb_column][\/et_pb_row][\/et_pb_section]<\/p>\n","protected":false},"excerpt":{"rendered":"<p>Foire aux questions Thermom\u00e8tre sans contact VNT275CA \u2013 FAQR\u00e9ponse : Le thermom\u00e8tre sans contact Vicks a \u00e9t\u00e9 con\u00e7u pour d\u00e9terminer la temp\u00e9rature corporelle en prenant la temp\u00e9rature au centre du front. Pour obtenir une mesure la plus pr\u00e9cise possible : Le thermom\u00e8tre doit avoir \u00e9t\u00e9 expos\u00e9 \u00e0 la temp\u00e9rature ambiante pendant 30 minutes avant d\u2019effectuer [&hellip;]<\/p>\n","protected":false},"author":1,"featured_media":0,"parent":0,"menu_order":0,"comment_status":"closed","ping_status":"closed","template":"","meta":{"_acf_changed":false,"_et_pb_use_builder":"on","_et_pb_old_content":"","_et_gb_content_width":"","footnotes":""},"class_list":["post-16388","page","type-page","status-publish","hentry"],"acf":[],"_links":{"self":[{"href":"https:\/\/vickshumidifiers.ca\/fr\/wp-json\/wp\/v2\/pages\/16388","targetHints":{"allow":["GET"]}}],"collection":[{"href":"https:\/\/vickshumidifiers.ca\/fr\/wp-json\/wp\/v2\/pages"}],"about":[{"href":"https:\/\/vickshumidifiers.ca\/fr\/wp-json\/wp\/v2\/types\/page"}],"author":[{"embeddable":true,"href":"https:\/\/vickshumidifiers.ca\/fr\/wp-json\/wp\/v2\/users\/1"}],"replies":[{"embeddable":true,"href":"https:\/\/vickshumidifiers.ca\/fr\/wp-json\/wp\/v2\/comments?post=16388"}],"version-history":[{"count":4,"href":"https:\/\/vickshumidifiers.ca\/fr\/wp-json\/wp\/v2\/pages\/16388\/revisions"}],"predecessor-version":[{"id":16720,"href":"https:\/\/vickshumidifiers.ca\/fr\/wp-json\/wp\/v2\/pages\/16388\/revisions\/16720"}],"wp:attachment":[{"href":"https:\/\/vickshumidifiers.ca\/fr\/wp-json\/wp\/v2\/media?parent=16388"}],"curies":[{"name":"wp","href":"https:\/\/api.w.org\/{rel}","templated":true}]}}