{"id":16385,"date":"2023-10-03T05:15:18","date_gmt":"2023-10-03T09:15:18","guid":{"rendered":"https:\/\/www.vickshumidifiers.ca\/inhalateur-de-vapeur-pour-sinus-vih200cv1-electrique-faq\/"},"modified":"2024-10-08T10:14:51","modified_gmt":"2024-10-08T14:14:51","slug":"vih200cv1-faq","status":"publish","type":"page","link":"https:\/\/vickshumidifiers.ca\/fr\/vih200cv1-faq\/","title":{"rendered":"Inhalateur de vapeur pour sinus VIH200CV1 \u2013 \u00e9lectrique FAQ"},"content":{"rendered":"<p>[et_pb_section fb_built=\u00a0\u00bb1&Prime; specialty=\u00a0\u00bbon\u00a0\u00bb _builder_version=\u00a0\u00bb4.21.0&Prime; _module_preset=\u00a0\u00bbdefault\u00a0\u00bb custom_padding=\u00a0\u00bb7px||15px|||\u00a0\u00bb global_colors_info=\u00a0\u00bb{}\u00a0\u00bb][et_pb_column type=\u00a0\u00bb1_4&Prime; _builder_version=\u00a0\u00bb4.16&Prime; custom_padding=\u00a0\u00bb|||\u00a0\u00bb global_colors_info=\u00a0\u00bb{}\u00a0\u00bb custom_padding__hover=\u00a0\u00bb|||\u00a0\u00bb][et_pb_sidebar area=\u00a0\u00bbet_pb_widget_area_3&Prime; disabled_on=\u00a0\u00bbon|off|off\u00a0\u00bb _builder_version=\u00a0\u00bb4.21.0&Prime; _module_preset=\u00a0\u00bbdefault\u00a0\u00bb global_colors_info=\u00a0\u00bb{}\u00a0\u00bb][\/et_pb_sidebar][\/et_pb_column][et_pb_column type=\u00a0\u00bb3_4&Prime; specialty_columns=\u00a0\u00bb3&Prime; _builder_version=\u00a0\u00bb4.16&Prime; custom_padding=\u00a0\u00bb|||\u00a0\u00bb global_colors_info=\u00a0\u00bb{}\u00a0\u00bb custom_padding__hover=\u00a0\u00bb|||\u00a0\u00bb][et_pb_row_inner _builder_version=\u00a0\u00bb4.21.0&Prime; _module_preset=\u00a0\u00bbdefault\u00a0\u00bb custom_padding=\u00a0\u00bb11px||0px|||\u00a0\u00bb global_colors_info=\u00a0\u00bb{}\u00a0\u00bb][et_pb_column_inner saved_specialty_column_type=\u00a0\u00bb3_4&Prime; _builder_version=\u00a0\u00bb4.21.0&Prime; _module_preset=\u00a0\u00bbdefault\u00a0\u00bb global_colors_info=\u00a0\u00bb{}\u00a0\u00bb][et_pb_text module_class=\u00a0\u00bbfaq-title\u00a0\u00bb _builder_version=\u00a0\u00bb4.23.1&Prime; _module_preset=\u00a0\u00bbdefault\u00a0\u00bb header_text_color=\u00a0\u00bb#005dba\u00a0\u00bb global_colors_info=\u00a0\u00bb{}\u00a0\u00bb]<\/p>\n<h1 data-content-type=\"heading\" data-appearance=\"default\" data-element=\"main\" data-pb-style=\"IJB5P5I\"><span style=\"color: #015dbc;\">Foire aux questions<\/span><\/h1>\n<h2 class=\"c-primary\" data-content-type=\"heading\" data-appearance=\"default\" data-element=\"main\" data-pb-style=\"618E279B1AD50\">Inhalateur de vapeur pour sinus VIH200CV1 \u2013 \u00e9lectrique<\/h2>\n<p>[\/et_pb_text][\/et_pb_column_inner][\/et_pb_row_inner][et_pb_row_inner _builder_version=\u00a0\u00bb4.21.0&Prime; _module_preset=\u00a0\u00bbdefault\u00a0\u00bb custom_padding=\u00a0\u00bb10px|||||\u00a0\u00bb global_colors_info=\u00a0\u00bb{}\u00a0\u00bb][et_pb_column_inner saved_specialty_column_type=\u00a0\u00bb3_4&Prime; _builder_version=\u00a0\u00bb4.21.0&Prime; _module_preset=\u00a0\u00bbdefault\u00a0\u00bb global_colors_info=\u00a0\u00bb{}\u00a0\u00bb][et_pb_accordion toggle_icon=\u00a0\u00bb&#xf067;||fa||900&Prime; _builder_version=\u00a0\u00bb4.23.1&Prime; _module_preset=\u00a0\u00bbdefault\u00a0\u00bb closed_toggle_font=\u00a0\u00bb|600|||||||\u00a0\u00bb hover_enabled=\u00a0\u00bb0&Prime; global_colors_info=\u00a0\u00bb{}\u00a0\u00bb sticky_enabled=\u00a0\u00bb0&Prime;][et_pb_accordion_item title=\u00a0\u00bbQuestion : Que faut-il faire pour installer l\u2019inhalateur de vapeur pour sinus Vicks?\u00a0\u00bb open_toggle_text_color=\u00a0\u00bb#005dba\u00a0\u00bb toggle_icon=\u00a0\u00bb&#xf067;||fa||900&Prime; _builder_version=\u00a0\u00bb4.23.1&Prime; _module_preset=\u00a0\u00bbdefault\u00a0\u00bb custom_margin=\u00a0\u00bb||||false|false\u00a0\u00bb custom_padding=\u00a0\u00bb5px||15px||false|false\u00a0\u00bb border_width_all=\u00a0\u00bb0px\u00a0\u00bb border_width_left=\u00a0\u00bb2px\u00a0\u00bb border_color_left=\u00a0\u00bb#005dba\u00a0\u00bb global_colors_info=\u00a0\u00bb{}\u00a0\u00bb toggle_text_color=\u00a0\u00bb#005dba\u00a0\u00bb toggle_font=\u00a0\u00bb|700|||||||\u00a0\u00bb open=\u00a0\u00bbon\u00a0\u00bb]<\/p>\n<p>R\u00e9ponse :<\/p>\n<p>Pour installer votre inhalateur de vapeur pour sinus Vicks, suivez les instructions d\u00e9crites \u00e9tape par \u00e9tape ci-dessous :<\/p>\n<ol>\n<li>D\u00e9roulez compl\u00e8tement le cordon pour \u00e9viter une surchauffe et un risque possible d\u2019incendie. <strong>N\u2019utilisez PAS<\/strong> l\u2019appareil avec une rallonge ou une barre multiprise. Placez l\u2019inhalateur sur une surface plane et stable avant de l\u2019utiliser.  <\/li>\n<li>D\u00e9verrouillez le bo\u00eetier sup\u00e9rieur de la base en le tournant dans le sens contraire des aiguilles d\u2019une montre. Lorsqu\u2019il est enti\u00e8rement d\u00e9verrouill\u00e9, la fl\u00e8che sur le bo\u00eetier sup\u00e9rieur sera align\u00e9e avec le symbole de d\u00e9verrouillage sur la base. Soulevez le bo\u00eetier sup\u00e9rieur sans le pencher et mettez-le de c\u00f4t\u00e9.  <\/li>\n<li>Remplissez le r\u00e9servoir d\u2019eau avec de l\u2019eau froide du robinet; n\u2019utilisez pas plus de 2,5 cuill\u00e8res \u00e0 table (40 mL) d\u2019eau froide. <strong>Ne le remplissez PAS<\/strong> au-dessus de l\u2019\u00e9l\u00e9ment chauffant. Utilisez l\u2019appareil uniquement avec de l\u2019eau. <strong>N\u2019ajoutez PAS<\/strong> d\u2019huiles essentielles, de m\u00e9dicaments ou de produits inhalants sous forme liquide tels que le VapoSteam de Vicks, au r\u00e9servoir d\u2019eau. L\u2019ajout de produits \u00e0 l\u2019eau pourrait causer une situation dangereuse.  <\/li>\n<li>Placez le bo\u00eetier sup\u00e9rieur sur la base et tournez-le dans le sens des aiguilles d\u2019une montre pour verrouiller. Lorsqu\u2019il est bien verrouill\u00e9, vous sentirez un d\u00e9clic et la fl\u00e8che sur le bo\u00eetier sup\u00e9rieur s\u2019alignera avec le symbole de verrouillage sur la base. <\/li>\n<li>Placez le masque sur le bo\u00eetier sup\u00e9rieur et poussez d\u00e9licatement sur le masque pour vous assurer qu\u2019il est bien en place.<br \/><strong>MISE EN GARDE :<\/strong> Ne d\u00e9placez, soulevez, secouez ou penchez JAMAIS l\u2019inhalateur pendant qu\u2019il est en marche ou lorsqu\u2019il contient de l\u2019eau chaude. <strong>N\u2019enlevez PAS<\/strong> le masque ou le bo\u00eetier sup\u00e9rieur apr\u00e8s avoir allum\u00e9 l\u2019inhalateur. La vapeur est produite par l\u2019eau bouillante; si vous penchez ou secouez l\u2019appareil, vous risquez de renverser de l\u2019eau et de vous br\u00fbler. <br \/><strong>MISE EN GARDE : Ne bloquez PAS<\/strong> les ouvertures de ventilation.<\/li>\n<li>Branchez le cordon dans une prise \u00e9lectrique. <strong>N\u2019utilisez PAS<\/strong> une rallonge ou une barre multiprise. Mettez le commutateur Marche\/Arr\u00eat \u00e0 la position Marche. Le voyant s\u2019allumera.  <\/li>\n<li>L\u2019inhalateur de vapeur prendra environ six minutes avant de commencer \u00e0 faire de la vapeur. Faites attention, le r\u00e9servoir d\u2019eau et l\u2019eau deviendront chauds. <\/li>\n<li>Placez votre visage au-dessus du masque. <strong>N\u2019appuyez PAS<\/strong> votre visage sur le masque. Respirez normalement par le nez et la bouche, en inhalant la vapeur dans vos voies nasales et la gorge. Continuez le traitement pendant cinq \u00e0 quinze minutes.  <\/li>\n<\/ol>\n<p>[\/et_pb_accordion_item][et_pb_accordion_item title=\u00a0\u00bbQuestion : Que faut-il faire pour que l\u2019appareil produise plus de vapeur?\u00a0\u00bb open=\u00a0\u00bboff\u00a0\u00bb open_toggle_text_color=\u00a0\u00bb#005dba\u00a0\u00bb toggle_icon=\u00a0\u00bb&#xf067;||fa||900&Prime; _builder_version=\u00a0\u00bb4.21.0&Prime; _module_preset=\u00a0\u00bbdefault\u00a0\u00bb custom_margin=\u00a0\u00bb||||false|false\u00a0\u00bb custom_padding=\u00a0\u00bb5px||15px||false|false\u00a0\u00bb border_width_all=\u00a0\u00bb0px\u00a0\u00bb border_width_left=\u00a0\u00bb2px\u00a0\u00bb border_color_left=\u00a0\u00bb#005dba\u00a0\u00bb global_colors_info=\u00a0\u00bb{}\u00a0\u00bb toggle_text_color=\u00a0\u00bb#005dba\u00a0\u00bb toggle_font=\u00a0\u00bb|700|||||||\u00a0\u00bb]<\/p>\n<p>R\u00e9ponse : Vous pouvez ajuster l\u2019intensit\u00e9 de la vapeur pendant que l\u2019appareil fonctionne en tournant la manette de contr\u00f4le de la vapeur. Pour plus de vapeur, d\u00e9placez la manette dans le sens des aiguilles d\u2019une montre. <\/p>\n<p>[\/et_pb_accordion_item][et_pb_accordion_item title=\u00a0\u00bbQuestion : Comment faut-il nettoyer ce produit?\u00a0\u00bb open_toggle_text_color=\u00a0\u00bb#005dba\u00a0\u00bb toggle_icon=\u00a0\u00bb&#xf067;||fa||900&Prime; _builder_version=\u00a0\u00bb4.23.1&Prime; _module_preset=\u00a0\u00bbdefault\u00a0\u00bb custom_margin=\u00a0\u00bb||||false|false\u00a0\u00bb custom_padding=\u00a0\u00bb5px||15px||false|false\u00a0\u00bb border_width_all=\u00a0\u00bb0px\u00a0\u00bb border_width_left=\u00a0\u00bb2px\u00a0\u00bb border_color_left=\u00a0\u00bb#005dba\u00a0\u00bb global_colors_info=\u00a0\u00bb{}\u00a0\u00bb toggle_text_color=\u00a0\u00bb#005dba\u00a0\u00bb toggle_font=\u00a0\u00bb|700|||||||\u00a0\u00bb open=\u00a0\u00bboff\u00a0\u00bb]<\/p>\n<p>R\u00e9ponse :<\/p>\n<p>L\u2019appareil doit \u00eatre rinc\u00e9 tous les jours et nettoy\u00e9 \u00e0 fond une fois par semaine. <strong>AVERTISSEMENT : D\u00e9branchez TOUJOURS<\/strong> la fiche de la prise \u00e9lectrique et laissez l\u2019inhalateur de vapeur refroidir pendant au moins 20 minutes avant de le nettoyer. <\/p>\n<p><strong>Apr\u00e8s chaque utilisation<\/strong><\/p>\n<ol>\n<li>Enlevez le masque et le bo\u00eetier sup\u00e9rieur, et essuyez-les avec un linge propre ou un essuie-tout.<\/li>\n<li>S\u2019il reste de l\u2019eau dans le r\u00e9servoir, videz-le et essuyez le r\u00e9servoir et la base avec un linge propre et sec ou un essuie-tout. <strong>N\u2019immergez JAMAIS<\/strong> la base dans l\u2019eau ou dans tout autre liquide.<\/li>\n<li>Replacez le bo\u00eetier sup\u00e9rieur et le masque; rangez l\u2019appareil dans un endroit frais et sec.<\/li>\n<\/ol>\n<p><strong>Entretien hebdomadaire<\/strong><br \/>Si votre inhalateur de vapeur est utilis\u00e9 dix fois ou plus par semaine ou si des d\u00e9p\u00f4ts de tartre s\u2019accumulent dans le r\u00e9servoir, votre appareil a besoin d\u2019un entretien suppl\u00e9mentaire. Suivez les instructions ci-dessous :<\/p>\n<ol>\n<li>Enlevez le masque et le bo\u00eetier sup\u00e9rieur.<\/li>\n<li>Versez 2,5 cuill\u00e8res \u00e0 table (40 mL) de vinaigre blanc non dilu\u00e9 dans le r\u00e9servoir d\u2019eau et laissez reposer pendant dix minutes.<\/li>\n<li>Jetez le vinaigre blanc et rincez le r\u00e9servoir d\u2019eau avec de l\u2019eau fra\u00eeche et propre du robinet. Assurez-vous qu\u2019aucune eau ne s\u2019infiltre dans les contacts \u00e9lectriques. <\/li>\n<li>Essuyez le r\u00e9servoir d\u2019eau et la base avec un linge propre ou un essuie-tout.<\/li>\n<li>Lavez le masque avec un savon doux et de l\u2019eau ti\u00e8de, puis rincez \u00e0 l\u2019eau fra\u00eeche et propre du robinet pour enlever toute trace de savon. Essuyez avec un linge propre ou un essuie-tout. <\/li>\n<li>Replacez le bo\u00eetier sup\u00e9rieur et le masque. Rangez l\u2019appareil dans un endroit frais et sec. <\/li>\n<li>Pour nettoyer le plateau pour VapoPad, mouillez l\u2019embout d\u2019un coton-tige et essuyez les fentes.<\/li>\n<\/ol>\n<p><strong>REMARQUE :<\/strong> Le bo\u00eetier sup\u00e9rieur va au lave-vaisselle. Il peut \u00eatre nettoy\u00e9 sur le panier du haut du lave-vaisselle ou \u00e0 la main tel qu\u2019indiqu\u00e9 dans les instructions. <strong>Ne le placez PAS<\/strong> sur le panier du bas du lave-vaisselle. <strong>N\u2019essayez PAS<\/strong> de d\u00e9sassembler le bo\u00eetier sup\u00e9rieur. Le godet chauffant ne doit JAMAIS \u00eatre mis au lave-vaisselle.  <br \/><strong>Apr\u00e8s de longues p\u00e9riodes de non-utilisation<\/strong><br \/>Si vous n\u2019avez pas utilis\u00e9 votre inhalateur de vapeur depuis deux semaines ou plus, suivez les instructions d\u2019entretien hebdomadaire avant de l\u2019utiliser de nouveau.<\/p>\n<p>[\/et_pb_accordion_item][et_pb_accordion_item title=\u00a0\u00bbQuestion : Que faut-il faire pour utiliser des VapoPads avec cet appareil?\u00a0\u00bb open_toggle_text_color=\u00a0\u00bb#005dba\u00a0\u00bb toggle_icon=\u00a0\u00bb&#xf067;||fa||900&Prime; _builder_version=\u00a0\u00bb4.23.1&Prime; _module_preset=\u00a0\u00bbdefault\u00a0\u00bb custom_margin=\u00a0\u00bb||||false|false\u00a0\u00bb custom_padding=\u00a0\u00bb5px||15px||false|false\u00a0\u00bb border_width_all=\u00a0\u00bb0px\u00a0\u00bb border_width_left=\u00a0\u00bb2px\u00a0\u00bb border_color_left=\u00a0\u00bb#005dba\u00a0\u00bb global_colors_info=\u00a0\u00bb{}\u00a0\u00bb toggle_text_color=\u00a0\u00bb#005dba\u00a0\u00bb toggle_font=\u00a0\u00bb|700|||||||\u00a0\u00bb open=\u00a0\u00bboff\u00a0\u00bb]<\/p>\n<p>R\u00e9ponse :<\/p>\n<p>Vous pouvez utiliser votre inhalateur de vapeur Vicks avec des VapoPads de Vicks, pour obtenir jusqu\u2019\u00e0 huit heures de confort apaisant par tampon. Un \u00e9chantillon gratuit de VapoPad au menthol est inclus avec votre appareil.<br \/>Pour utiliser votre appareil avec des tampons aromatiques, assurez-vous qu\u2019il est \u00e9teint et suivez les instructions ci-dessous : <\/p>\n<ol>\n<li>Glissez d\u00e9licatement vers l\u2019ext\u00e9rieur le plateau pour VapoPad situ\u00e9 \u00e0 l\u2019arri\u00e8re du bo\u00eetier sup\u00e9rieur. <strong>REMARQUE :<\/strong> Faites-le glisser seulement. <strong>N\u2019essayez PAS<\/strong> de le retirer du bo\u00eetier sup\u00e9rieur.<\/li>\n<li>Ouvrez le sachet de VapoPad en le d\u00e9chirant \u00e0 l\u2019encoche. <strong>Ne touchez PAS<\/strong> le tampon avec les mains. Si vous y avez touch\u00e9, <strong>\u00e9vitez tout contact<\/strong> de vos mains avec les yeux ou le visage pour pr\u00e9venir les irritations. <\/li>\n<li>Ins\u00e9rez le VapoPad de Vicks avec l\u2019extr\u00e9mit\u00e9 biseaut\u00e9e plac\u00e9e \u00e0 l\u2019avant du plateau. Vous pouvez ins\u00e9rer jusqu\u2019\u00e0 deux tampons aromatiques, un dans chaque fente du plateau pour VapoPad. Pour fermer le plateau, poussez-le en le glissant vers l\u2019int\u00e9rieur.  <\/li>\n<li>Jetez le tampon VapoPad s\u2019il est sec et ne d\u00e9gage plus de parfum.<\/li>\n<\/ol>\n<p><strong>REMARQUE :<\/strong> Ne faites PAS fonctionner l\u2019inhalateur de vapeur si le plateau pour VapoPad est manquant ou mal ferm\u00e9.<\/p>\n<p><strong>Cet inhalateur de vapeur (avec ou sans tampons VapoPads de Vicks) n\u2019est pas recommand\u00e9 pour \u00eatre utilis\u00e9 par des enfants.<\/strong><\/p>\n<p><strong>Pr\u00e9cautions \u00e0 prendre avec les VapoPads :<\/strong><\/p>\n<ul>\n<li>Produit d\u00e9conseill\u00e9 pour les nourrissons de moins de 10 lb (4,5 kg).<\/li>\n<li>Pour les enfants pesant entre 10 et 22 lb (4,5 et 10 kg), n\u2019utilisez pas plus de deux tampons en 24 heures.<\/li>\n<\/ul>\n<p>Ingr\u00e9dients des tampons VapoPads : essence d\u2019eucalyptus, menthol, glycol, huile essentielle de c\u00e8dre et autres.<\/p>\n<p>[\/et_pb_accordion_item][et_pb_accordion_item title=\u00a0\u00bbQuestion : Pourquoi y a-t-il une d\u00e9coloration de l\u2019\u00e9l\u00e9ment chauffant?\u00a0\u00bb open_toggle_text_color=\u00a0\u00bb#005dba\u00a0\u00bb toggle_icon=\u00a0\u00bb&#xf067;||fa||900&Prime; _builder_version=\u00a0\u00bb4.23.1&Prime; _module_preset=\u00a0\u00bbdefault\u00a0\u00bb custom_margin=\u00a0\u00bb||||false|false\u00a0\u00bb custom_padding=\u00a0\u00bb5px||15px||false|false\u00a0\u00bb border_width_all=\u00a0\u00bb0px\u00a0\u00bb border_width_left=\u00a0\u00bb2px\u00a0\u00bb border_color_left=\u00a0\u00bb#005dba\u00a0\u00bb global_colors_info=\u00a0\u00bb{}\u00a0\u00bb toggle_text_color=\u00a0\u00bb#005dba\u00a0\u00bb toggle_font=\u00a0\u00bb|700|||||||\u00a0\u00bb open=\u00a0\u00bboff\u00a0\u00bb]<\/p>\n<p>R\u00e9ponse : Ce que vous voyez, ce sont les min\u00e9raux r\u00e9siduels provenant de votre eau. Lorsque l\u2019eau est transform\u00e9e en vapeur, tous les min\u00e9raux et particules contenus dans l\u2019eau sont rejet\u00e9s et collect\u00e9s dans la base, ce qui laisse un r\u00e9sidu ou des particules. Dans la mesure o\u00f9 l\u2019appareil est nettoy\u00e9 conform\u00e9ment aux instructions, cela ne causera aucun probl\u00e8me et n\u2019affectera pas la puret\u00e9 de la vapeur.  <\/p>\n<p>[\/et_pb_accordion_item][et_pb_accordion_item title=\u00a0\u00bbQuestion : Puis-je utiliser l\u2019eau du robinet pour mon appareil?\u00a0\u00bb open_toggle_text_color=\u00a0\u00bb#005dba\u00a0\u00bb toggle_icon=\u00a0\u00bb&#xf067;||fa||900&Prime; _builder_version=\u00a0\u00bb4.23.1&Prime; _module_preset=\u00a0\u00bbdefault\u00a0\u00bb custom_margin=\u00a0\u00bb||||false|false\u00a0\u00bb custom_padding=\u00a0\u00bb5px||15px||false|false\u00a0\u00bb border_width_all=\u00a0\u00bb0px\u00a0\u00bb border_width_left=\u00a0\u00bb2px\u00a0\u00bb border_color_left=\u00a0\u00bb#005dba\u00a0\u00bb global_colors_info=\u00a0\u00bb{}\u00a0\u00bb toggle_text_color=\u00a0\u00bb#005dba\u00a0\u00bb toggle_font=\u00a0\u00bb|700|||||||\u00a0\u00bb open=\u00a0\u00bboff\u00a0\u00bb]<\/p>\n<p>R\u00e9ponse : Oui, cet appareil fonctionne avec l\u2019eau du robinet.<\/p>\n<p>[\/et_pb_accordion_item][et_pb_accordion_item title=\u00a0\u00bbQuestion: Puis-je contr\u00f4ler l\u2019intensit\u00e9 de la vapeur produite par l\u2019appareil?\u00a0\u00bb open_toggle_text_color=\u00a0\u00bb#005dba\u00a0\u00bb toggle_icon=\u00a0\u00bb&#xf067;||fa||900&Prime; _builder_version=\u00a0\u00bb4.23.1&Prime; _module_preset=\u00a0\u00bbdefault\u00a0\u00bb custom_margin=\u00a0\u00bb||||false|false\u00a0\u00bb custom_padding=\u00a0\u00bb5px||15px||false|false\u00a0\u00bb border_width_all=\u00a0\u00bb0px\u00a0\u00bb border_width_left=\u00a0\u00bb2px\u00a0\u00bb border_color_left=\u00a0\u00bb#005dba\u00a0\u00bb global_colors_info=\u00a0\u00bb{}\u00a0\u00bb toggle_text_color=\u00a0\u00bb#005dba\u00a0\u00bb toggle_font=\u00a0\u00bb|700|||||||\u00a0\u00bb open=\u00a0\u00bboff\u00a0\u00bb]<\/p>\n<p>R\u00e9ponse : Vous pouvez ajuster l\u2019intensit\u00e9 de la vapeur pendant que l\u2019appareil fonctionne en tournant la manette de contr\u00f4le de la vapeur. <\/p>\n<ul>\n<li><strong>Pour plus de vapeur :<\/strong> D\u00e9placez la manette de contr\u00f4le de la vapeur <span style=\"text-decoration: underline;\">dans le sens des aiguilles d\u2019une montre<\/span> pour un maximum de vapeur.<\/li>\n<li><strong>Pour moins de vapeur :<\/strong> D\u00e9placez la manette de contr\u00f4le de la vapeur <span style=\"text-decoration: underline;\">dans le sens contraire des aiguilles d\u2019une montre<\/span> pour un minimum de vapeur. Si le traitement devient trop intense, arr\u00eatez imm\u00e9diatement le traitement. <\/li>\n<\/ul>\n<p>[\/et_pb_accordion_item][et_pb_accordion_item title=\u00a0\u00bbQuestion : Le masque de l\u2019appareil contient-il du latex?\u00a0\u00bb open_toggle_text_color=\u00a0\u00bb#005dba\u00a0\u00bb toggle_icon=\u00a0\u00bb&#xf067;||fa||900&Prime; _builder_version=\u00a0\u00bb4.23.1&Prime; _module_preset=\u00a0\u00bbdefault\u00a0\u00bb custom_margin=\u00a0\u00bb||||false|false\u00a0\u00bb custom_padding=\u00a0\u00bb5px||15px||false|false\u00a0\u00bb border_width_all=\u00a0\u00bb0px\u00a0\u00bb border_width_left=\u00a0\u00bb2px\u00a0\u00bb border_color_left=\u00a0\u00bb#005dba\u00a0\u00bb global_colors_info=\u00a0\u00bb{}\u00a0\u00bb toggle_text_color=\u00a0\u00bb#005dba\u00a0\u00bb toggle_font=\u00a0\u00bb|700|||||||\u00a0\u00bb open=\u00a0\u00bboff\u00a0\u00bb]<\/p>\n<p>R\u00e9ponse : Le masque semi-translucide est exempt de latex.<\/p>\n<p>[\/et_pb_accordion_item][et_pb_accordion_item title=\u00a0\u00bbQuestion : O\u00f9 puis-je trouver le guide de l\u2019utilisateur?\u00a0\u00bb open_toggle_text_color=\u00a0\u00bb#005dba\u00a0\u00bb toggle_icon=\u00a0\u00bb&#xf067;||fa||900&Prime; _builder_version=\u00a0\u00bb4.23.1&Prime; _module_preset=\u00a0\u00bbdefault\u00a0\u00bb custom_margin=\u00a0\u00bb||||false|false\u00a0\u00bb custom_padding=\u00a0\u00bb5px||15px||false|false\u00a0\u00bb border_width_all=\u00a0\u00bb0px\u00a0\u00bb border_width_left=\u00a0\u00bb2px\u00a0\u00bb border_color_left=\u00a0\u00bb#005dba\u00a0\u00bb global_colors_info=\u00a0\u00bb{}\u00a0\u00bb toggle_text_color=\u00a0\u00bb#005dba\u00a0\u00bb toggle_font=\u00a0\u00bb|700|||||||\u00a0\u00bb open=\u00a0\u00bboff\u00a0\u00bb]<\/p>\n<p><span>R\u00e9ponse : Pour t\u00e9l\u00e9charger le guide de l\u2019utilisateur, <\/span><a href=\"\/wp-content\/uploads\/VIH200CV1-Owners-Manual.pdf\">cliquez ici.<\/a><\/p>\n<p>[\/et_pb_accordion_item][\/et_pb_accordion][et_pb_sidebar area=\u00a0\u00bbet_pb_widget_area_3&Prime; disabled_on=\u00a0\u00bboff|on|on\u00a0\u00bb _builder_version=\u00a0\u00bb4.21.0&Prime; _module_preset=\u00a0\u00bbdefault\u00a0\u00bb global_colors_info=\u00a0\u00bb{}\u00a0\u00bb][\/et_pb_sidebar][\/et_pb_column_inner][\/et_pb_row_inner][\/et_pb_column][\/et_pb_section][et_pb_section fb_built=\u00a0\u00bb1&Prime; module_class=\u00a0\u00bbfaq-icon-row\u00a0\u00bb _builder_version=\u00a0\u00bb4.21.0&Prime; _module_preset=\u00a0\u00bbdefault\u00a0\u00bb global_module=\u00a0\u00bb10863&Prime; global_colors_info=\u00a0\u00bb{}\u00a0\u00bb][et_pb_row _builder_version=\u00a0\u00bb4.21.0&Prime; _module_preset=\u00a0\u00bbdefault\u00a0\u00bb custom_padding=\u00a0\u00bb13px||6px|||\u00a0\u00bb global_colors_info=\u00a0\u00bb{}\u00a0\u00bb][et_pb_column type=\u00a0\u00bb4_4&Prime; _builder_version=\u00a0\u00bb4.21.0&Prime; _module_preset=\u00a0\u00bbdefault\u00a0\u00bb global_colors_info=\u00a0\u00bb{}\u00a0\u00bb][et_pb_text _builder_version=\u00a0\u00bb4.21.0&Prime; _module_preset=\u00a0\u00bbdefault\u00a0\u00bb global_colors_info=\u00a0\u00bb{}\u00a0\u00bb]<\/p>\n<h3 style=\"text-align: center;\"><span>Pour toute aide suppl\u00e9mentaire<\/span><\/h3>\n<p>[\/et_pb_text][\/et_pb_column][\/et_pb_row][et_pb_row column_structure=\u00a0\u00bb1_3,1_3,1_3&Prime; _builder_version=\u00a0\u00bb4.21.0&Prime; _module_preset=\u00a0\u00bbdefault\u00a0\u00bb custom_padding=\u00a0\u00bb11px|||||\u00a0\u00bb global_colors_info=\u00a0\u00bb{}\u00a0\u00bb][et_pb_column type=\u00a0\u00bb1_3&Prime; _builder_version=\u00a0\u00bb4.21.0&Prime; _module_preset=\u00a0\u00bbdefault\u00a0\u00bb global_colors_info=\u00a0\u00bb{}\u00a0\u00bb][et_pb_image src=\u00a0\u00bbhttps:\/\/www.vickshumidifiers.ca\/wp-content\/uploads\/Call_Us_80x80.png\u00a0\u00bb title_text=\u00a0\u00bbT\u00e9l\u00e9phone_80x80&Prime; align=\u00a0\u00bbcenter\u00a0\u00bb _builder_version=\u00a0\u00bb4.21.0&Prime; _module_preset=\u00a0\u00bbdefault\u00a0\u00bb global_colors_info=\u00a0\u00bb{}\u00a0\u00bb][\/et_pb_image][et_pb_text _builder_version=\u00a0\u00bb4.23.1&Prime; _module_preset=\u00a0\u00bbdefault\u00a0\u00bb global_colors_info=\u00a0\u00bb{}\u00a0\u00bb]<\/p>\n<h3 style=\"text-align: center;\">T\u00e9l\u00e9phone<\/h3>\n<p style=\"text-align: center;\"><a href=\"tel:1-800-827-6712\">1.800.827.6712<\/a><br \/>Du lundi au vendredi<br \/>De 8 h \u00e0 19 h HNE<\/p>\n<p>[\/et_pb_text][\/et_pb_column][et_pb_column type=\u00a0\u00bb1_3&Prime; _builder_version=\u00a0\u00bb4.21.0&Prime; _module_preset=\u00a0\u00bbdefault\u00a0\u00bb global_colors_info=\u00a0\u00bb{}\u00a0\u00bb][et_pb_image src=\u00a0\u00bbhttps:\/\/www.vickshumidifiers.ca\/wp-content\/uploads\/Email_80x80.png\u00a0\u00bb title_text=\u00a0\u00bbCourriel_80x80&Prime; align=\u00a0\u00bbcenter\u00a0\u00bb _builder_version=\u00a0\u00bb4.21.0&Prime; _module_preset=\u00a0\u00bbdefault\u00a0\u00bb global_colors_info=\u00a0\u00bb{}\u00a0\u00bb][\/et_pb_image][et_pb_text _builder_version=\u00a0\u00bb4.23.1&Prime; _module_preset=\u00a0\u00bbdefault\u00a0\u00bb global_colors_info=\u00a0\u00bb{}\u00a0\u00bb]<\/p>\n<h3 style=\"text-align: center;\">Courriel<\/h3>\n<p style=\"text-align: center;\">Envoyer vos questions \u00e0 :<br \/><a href=\"mailto:ConsumerRelations@HelenofTroy.com\">ConsumerRelations@HelenofTroy.com<\/a><\/p>\n<p>[\/et_pb_text][\/et_pb_column][et_pb_column type=\u00a0\u00bb1_3&Prime; _builder_version=\u00a0\u00bb4.21.0&Prime; _module_preset=\u00a0\u00bbdefault\u00a0\u00bb global_colors_info=\u00a0\u00bb{}\u00a0\u00bb][et_pb_image src=\u00a0\u00bbhttps:\/\/www.vickshumidifiers.ca\/wp-content\/uploads\/Support_80x80.png\u00a0\u00bb title_text=\u00a0\u00bbSoutien_80x80&Prime; url=\u00a0\u00bbhttps:\/\/www.vickshumidifiers.ca\/fr\/soutien\/\u00a0\u00bb align=\u00a0\u00bbcenter\u00a0\u00bb _builder_version=\u00a0\u00bb4.21.0&Prime; _module_preset=\u00a0\u00bbdefault\u00a0\u00bb global_colors_info=\u00a0\u00bb{}\u00a0\u00bb][\/et_pb_image][et_pb_text _builder_version=\u00a0\u00bb4.23.1&Prime; _module_preset=\u00a0\u00bbdefault\u00a0\u00bb link_option_url=\u00a0\u00bbhttps:\/\/www.vickshumidifiers.ca\/fr\/soutien\/\u00a0\u00bb global_colors_info=\u00a0\u00bb{}\u00a0\u00bb]<\/p>\n<h3 style=\"text-align: center;\">Soutien Vicks<\/h3>\n<p style=\"text-align: center;\">Nous sommes l\u00e0 pour vous<\/p>\n<p>[\/et_pb_text][\/et_pb_column][\/et_pb_row][\/et_pb_section]<\/p>\n","protected":false},"excerpt":{"rendered":"<p>Foire aux questions Inhalateur de vapeur pour sinus VIH200CV1 \u2013 \u00e9lectriqueR\u00e9ponse : Pour installer votre inhalateur de vapeur pour sinus Vicks, suivez les instructions d\u00e9crites \u00e9tape par \u00e9tape ci-dessous : D\u00e9roulez compl\u00e8tement le cordon pour \u00e9viter une surchauffe et un risque possible d\u2019incendie. N\u2019utilisez PAS l\u2019appareil avec une rallonge ou une barre multiprise. Placez l\u2019inhalateur [&hellip;]<\/p>\n","protected":false},"author":1,"featured_media":0,"parent":0,"menu_order":0,"comment_status":"closed","ping_status":"closed","template":"","meta":{"_acf_changed":false,"_et_pb_use_builder":"on","_et_pb_old_content":"","_et_gb_content_width":"","footnotes":""},"class_list":["post-16385","page","type-page","status-publish","hentry"],"acf":[],"_links":{"self":[{"href":"https:\/\/vickshumidifiers.ca\/fr\/wp-json\/wp\/v2\/pages\/16385","targetHints":{"allow":["GET"]}}],"collection":[{"href":"https:\/\/vickshumidifiers.ca\/fr\/wp-json\/wp\/v2\/pages"}],"about":[{"href":"https:\/\/vickshumidifiers.ca\/fr\/wp-json\/wp\/v2\/types\/page"}],"author":[{"embeddable":true,"href":"https:\/\/vickshumidifiers.ca\/fr\/wp-json\/wp\/v2\/users\/1"}],"replies":[{"embeddable":true,"href":"https:\/\/vickshumidifiers.ca\/fr\/wp-json\/wp\/v2\/comments?post=16385"}],"version-history":[{"count":4,"href":"https:\/\/vickshumidifiers.ca\/fr\/wp-json\/wp\/v2\/pages\/16385\/revisions"}],"predecessor-version":[{"id":16713,"href":"https:\/\/vickshumidifiers.ca\/fr\/wp-json\/wp\/v2\/pages\/16385\/revisions\/16713"}],"wp:attachment":[{"href":"https:\/\/vickshumidifiers.ca\/fr\/wp-json\/wp\/v2\/media?parent=16385"}],"curies":[{"name":"wp","href":"https:\/\/api.w.org\/{rel}","templated":true}]}}