{"id":16223,"date":"2023-09-27T07:10:13","date_gmt":"2023-09-27T11:10:13","guid":{"rendered":"https:\/\/www.vickshumidifiers.ca\/inhalateur-a-vapeur\/"},"modified":"2024-08-20T14:50:34","modified_gmt":"2024-08-20T18:50:34","slug":"inhalateur-a-vapeur","status":"publish","type":"page","link":"https:\/\/vickshumidifiers.ca\/fr\/produits\/inhalateur-a-vapeur\/","title":{"rendered":"Inhalateur \u00e0 vapeur"},"content":{"rendered":"<p>[et_pb_section fb_built=\u00a0\u00bb1&Prime; _builder_version=\u00a0\u00bb4.21.0&Prime; _module_preset=\u00a0\u00bbdefault\u00a0\u00bb background_color=\u00a0\u00bbRGBA(255,255,255,0)\u00a0\u00bb custom_padding=\u00a0\u00bb15px||0px|||\u00a0\u00bb global_colors_info=\u00a0\u00bb{}\u00a0\u00bb][et_pb_row column_structure=\u00a0\u00bb1_2,1_2&Prime; use_custom_gutter=\u00a0\u00bbon\u00a0\u00bb make_equal=\u00a0\u00bbon\u00a0\u00bb _builder_version=\u00a0\u00bb4.21.0&Prime; _module_preset=\u00a0\u00bbdefault\u00a0\u00bb custom_padding=\u00a0\u00bb9px||0px|||\u00a0\u00bb global_colors_info=\u00a0\u00bb{}\u00a0\u00bb][et_pb_column type=\u00a0\u00bb1_2&Prime; _builder_version=\u00a0\u00bb4.21.0&Prime; _module_preset=\u00a0\u00bbdefault\u00a0\u00bb global_colors_info=\u00a0\u00bb{}\u00a0\u00bb][et_pb_text _builder_version=\u00a0\u00bb4.21.0&Prime; _module_preset=\u00a0\u00bbdefault\u00a0\u00bb header_font=\u00a0\u00bb||||||||\u00a0\u00bb header_font_size=\u00a0\u00bb3.4rem\u00a0\u00bb custom_margin=\u00a0\u00bb-4px||9px|||\u00a0\u00bb global_colors_info=\u00a0\u00bb{}\u00a0\u00bb]<\/p>\n<h1>Inhalateurs de vapeur pour sinus<\/h1>\n<p>[\/et_pb_text][et_pb_text _builder_version=\u00a0\u00bb4.23.1&Prime; _module_preset=\u00a0\u00bbdefault\u00a0\u00bb text_font=\u00a0\u00bb|300|||||||\u00a0\u00bb custom_margin=\u00a0\u00bb||39px|||\u00a0\u00bb hover_enabled=\u00a0\u00bb0&Prime; global_colors_info=\u00a0\u00bb{}\u00a0\u00bb sticky_enabled=\u00a0\u00bb0&Prime;]<\/p>\n<p>Les inhalateurs de vapeur pour sinus Vicks produisent une vapeur ti\u00e8de non m\u00e9dicamenteuse qui soulage temporairement les sympt\u00f4mes de la toux et de la congestion caus\u00e9s par le rhume, les allergies saisonni\u00e8res et la sinusite. La vapeur apaisante est dirig\u00e9e vers le nez, la touche et la gorge pour aider \u00e0 att\u00e9nuer naturellement la congestion, la s\u00e9cheresse et l\u2019irritation. Chez Vicks, nous avons votre mieux-\u00eatre \u00e0 c\u0153ur. Notre gamme d\u2019humidificateurs, d\u2019inhalateurs de vapeur pour sinus et de vaporisateurs a \u00e9t\u00e9 con\u00e7ue dans le but de vous aider \u00e0 mieux respirer et \u00e0 dormir plus confortablement, o\u00f9 que vous soyez.   <\/p>\n<p>[\/et_pb_text][\/et_pb_column][et_pb_column type=\u00a0\u00bb1_2&Prime; _builder_version=\u00a0\u00bb4.21.0&Prime; _module_preset=\u00a0\u00bbdefault\u00a0\u00bb global_colors_info=\u00a0\u00bb{}\u00a0\u00bb][et_pb_image src=\u00a0\u00bbhttps:\/\/www.vickshumidifiers.ca\/wp-content\/uploads\/Vicks-Sinus-Steam-Inhaler-Banner-700-x-200.png\u00a0\u00bb title_text=\u00a0\u00bbInhalateurs de vapeur pour sinus Vicks Banner 700 x 200&Prime; _builder_version=\u00a0\u00bb4.23.1&Prime; _module_preset=\u00a0\u00bbdefault\u00a0\u00bb position_origin_a=\u00a0\u00bbbottom_center\u00a0\u00bb position_origin_a_tablet=\u00a0\u00bbbottom_center\u00a0\u00bb position_origin_a_phone=\u00a0\u00bbbottom_center\u00a0\u00bb position_origin_a_last_edited=\u00a0\u00bbon|desktop\u00a0\u00bb position_origin_f_tablet=\u00a0\u00bb\u00a0\u00bb position_origin_f_phone=\u00a0\u00bb\u00a0\u00bb position_origin_f_last_edited=\u00a0\u00bbon|desktop\u00a0\u00bb position_origin_r_tablet=\u00a0\u00bb\u00a0\u00bb position_origin_r_phone=\u00a0\u00bb\u00a0\u00bb position_origin_r_last_edited=\u00a0\u00bbon|desktop\u00a0\u00bb width=\u00a0\u00bb100%\u00a0\u00bb custom_margin=\u00a0\u00bb||0px||false|false\u00a0\u00bb custom_padding=\u00a0\u00bb||0px||false|false\u00a0\u00bb positioning_tablet=\u00a0\u00bbrelative\u00a0\u00bb positioning_phone=\u00a0\u00bbrelative\u00a0\u00bb positioning_last_edited=\u00a0\u00bbon|tablet\u00a0\u00bb global_colors_info=\u00a0\u00bb{}\u00a0\u00bb][\/et_pb_image][\/et_pb_column][\/et_pb_row][\/et_pb_section][et_pb_section fb_built=\u00a0\u00bb1&Prime; _builder_version=\u00a0\u00bb4.21.0&Prime; _module_preset=\u00a0\u00bbdefault\u00a0\u00bb custom_padding=\u00a0\u00bb16px||19px|||\u00a0\u00bb global_colors_info=\u00a0\u00bb{}\u00a0\u00bb][et_pb_row column_structure=\u00a0\u00bb1_4,3_4&Prime; use_custom_gutter=\u00a0\u00bbon\u00a0\u00bb make_equal=\u00a0\u00bbon\u00a0\u00bb _builder_version=\u00a0\u00bb4.21.0&Prime; _module_preset=\u00a0\u00bbdefault\u00a0\u00bb custom_padding=\u00a0\u00bb18px||5px|||\u00a0\u00bb global_colors_info=\u00a0\u00bb{}\u00a0\u00bb][et_pb_column type=\u00a0\u00bb1_4&Prime; _builder_version=\u00a0\u00bb4.21.0&Prime; _module_preset=\u00a0\u00bbdefault\u00a0\u00bb global_colors_info=\u00a0\u00bb{}\u00a0\u00bb][et_pb_text disabled_on=\u00a0\u00bbon|on|on\u00a0\u00bb _builder_version=\u00a0\u00bb4.21.0&Prime; _module_preset=\u00a0\u00bbdefault\u00a0\u00bb custom_margin=\u00a0\u00bb||5px|||\u00a0\u00bb disabled=\u00a0\u00bbon\u00a0\u00bb global_colors_info=\u00a0\u00bb{}\u00a0\u00bb]<\/p>\n<h2><strong>Rechercher<\/strong><\/h2>\n<hr>\n<p>[\/et_pb_text][et_pb_text disabled_on=\u00a0\u00bbon|on|on\u00a0\u00bb _builder_version=\u00a0\u00bb4.21.0&Prime; _module_preset=\u00a0\u00bbdefault\u00a0\u00bb custom_padding=\u00a0\u00bb7px|||||\u00a0\u00bb disabled=\u00a0\u00bbon\u00a0\u00bb global_colors_info=\u00a0\u00bb{}\u00a0\u00bb]<\/p>\n<form data-sf-form-id='16242' data-is-rtl='0' data-maintain-state='' data-results-url='https:\/\/www.vickshumidifiers.ca\/products\/steam-inhalers\/' data-ajax-url='https:\/\/www.vickshumidifiers.ca\/products\/steam-inhalers\/?sf_data=results' data-ajax-form-url='https:\/\/vickshumidifiers.ca\/fr\/?sfid=16242&amp;sf_action=get_data&amp;sf_data=form' data-display-result-method='custom_layouts' data-use-history-api='1' data-template-loaded='0' data-lang-code='fr' data-ajax='1' data-ajax-data-type='html' data-ajax-links-selector='.search-filter-results-16242 .cl-pagination a' data-ajax-target='.search-filter-results-16242' data-ajax-pagination-type='normal' data-update-ajax-url='1' data-only-results-ajax='1' data-scroll-to-pos='0' data-init-paged='1' data-auto-update='1' action='https:\/\/www.vickshumidifiers.ca\/products\/steam-inhalers\/' method='post' class='searchandfilter' id='search-filter-form-16242' autocomplete='off' data-instance-count='1'><ul><li class=\"sf-field-taxonomy-temperature_steam_inhalers\" data-sf-field-name=\"_sft_temperature_steam_inhalers\" data-sf-field-type=\"taxonomy\" data-sf-field-input-type=\"checkbox\"><h4>Temp\u00e9rature<\/h4><\/li><\/ul><\/form>\n<p>[\/et_pb_text][\/et_pb_column][et_pb_column type=\u00a0\u00bb3_4&Prime; _builder_version=\u00a0\u00bb4.21.0&Prime; _module_preset=\u00a0\u00bbdefault\u00a0\u00bb global_colors_info=\u00a0\u00bb{}\u00a0\u00bb][et_pb_text _builder_version=\u00a0\u00bb4.21.0&Prime; _module_preset=\u00a0\u00bbdefault\u00a0\u00bb custom_padding=\u00a0\u00bb||7px||false|false\u00a0\u00bb global_colors_info=\u00a0\u00bb{}\u00a0\u00bb]<\/p>\n<div class=\"cl-layout-container\" style=\"--cl-layout-padding:0px;--cl-layout-margin:0px;\"><div  class=\"cl-layout cl-layout--grid cl-layout--id-12330  cl-layout--equal-rows  cl-layout--col-l-3 cl-layout--col-m-3 cl-layout--col-s-2 cl-layout--col-xs-1\"  style=\"--cl-layout-gap-c: 10px;--cl-layout-gap-r: 10px;\n\t\t\" ><div  class=\"cl-layout__item cl-layout__item--id-16468\" ><div  class=\"cl-template cl-template--post cl-template--id-206 cl-template--image-top\" ><div class=\"cl-element cl-element-featured_media cl-element--instance-1003  cl-element-featured_media--sizing-natural\"><a class=\"cl-element-featured_media__anchor\" href=\"https:\/\/vickshumidifiers.ca\/fr\/products\/sinus-inhalers\/inhalateur-de-vapeur-pour-sinus-vicks-vih200cv1-electrique\/\" title=\"Inhalateur de vapeur pour sinus Vicks VIH200CV1 \u2013 \u00e9lectrique\"><img decoding=\"async\"  class=\"cl-element-featured_media__image\"  src=\"https:\/\/vickshumidifiers.ca\/wp-content\/uploads\/steam-inhalers-homepage-300x300.png\"  \/><\/a><\/div><div class=\"cl-element cl-element-section cl-element--instance-1004 \"><h4 class=\"cl-element cl-element-title cl-element--instance-1001 \"><a class=\"cl-element-title__anchor\" href=\"https:\/\/vickshumidifiers.ca\/fr\/products\/sinus-inhalers\/inhalateur-de-vapeur-pour-sinus-vicks-vih200cv1-electrique\/\">Inhalateur de vapeur pour sinus Vicks VIH200CV1 \u2013 \u00e9lectrique<\/a><\/h4><div class=\"cl-element cl-element-text cl-element--instance-1002 \"><\/div><\/div><\/div><\/div><div  class=\"cl-layout__item cl-layout__item--id-16469\" ><div  class=\"cl-template cl-template--post cl-template--id-206 cl-template--image-top\" ><div class=\"cl-element cl-element-featured_media cl-element--instance-1003  cl-element-featured_media--sizing-natural\"><a class=\"cl-element-featured_media__anchor\" href=\"https:\/\/vickshumidifiers.ca\/fr\/products\/sinus-inhalers\/inhalateur-de-vapeur-pour-sinus-vicks-v1300canv1-manuel\/\" title=\"Inhalateur de vapeur pour sinus Vicks V1300CANV1 \u2013 manuel\"><img decoding=\"async\"  class=\"cl-element-featured_media__image\"  src=\"https:\/\/vickshumidifiers.ca\/wp-content\/uploads\/V1300CANV1-Front-1-300x300.png\"  \/><\/a><\/div><div class=\"cl-element cl-element-section cl-element--instance-1004 \"><h4 class=\"cl-element cl-element-title cl-element--instance-1001 \"><a class=\"cl-element-title__anchor\" href=\"https:\/\/vickshumidifiers.ca\/fr\/products\/sinus-inhalers\/inhalateur-de-vapeur-pour-sinus-vicks-v1300canv1-manuel\/\">Inhalateur de vapeur pour sinus Vicks V1300CANV1 \u2013 manuel<\/a><\/h4><div class=\"cl-element cl-element-text cl-element--instance-1002 \"><\/div><\/div><\/div><\/div><\/div><\/div>\n<p>[\/et_pb_text][\/et_pb_column][\/et_pb_row][\/et_pb_section][et_pb_section fb_built=\u00a0\u00bb1&Prime; _builder_version=\u00a0\u00bb4.21.0&Prime; _module_preset=\u00a0\u00bbdefault\u00a0\u00bb background_color=\u00a0\u00bb#e6e6e6&Prime; background_image=\u00a0\u00bbhttps:\/\/www.vickshumidifiers.ca\/wp-content\/uploads\/VICKS_PLP_BuyingGuide_Sinus_Mar2021_V1.jpg\u00a0\u00bb background_position=\u00a0\u00bbcenter_right\u00a0\u00bb min_height=\u00a0\u00bb500px\u00a0\u00bb height=\u00a0\u00bb700px\u00a0\u00bb height_tablet=\u00a0\u00bb700px\u00a0\u00bb height_phone=\u00a0\u00bb700px\u00a0\u00bb height_last_edited=\u00a0\u00bbon|desktop\u00a0\u00bb max_height=\u00a0\u00bb700px\u00a0\u00bb max_height_tablet=\u00a0\u00bb700px\u00a0\u00bb max_height_phone=\u00a0\u00bb700px\u00a0\u00bb max_height_last_edited=\u00a0\u00bbon|desktop\u00a0\u00bb custom_padding=\u00a0\u00bb40px|||||\u00a0\u00bb global_colors_info=\u00a0\u00bb{}\u00a0\u00bb][et_pb_row column_structure=\u00a0\u00bb1_2,1_2&Prime; _builder_version=\u00a0\u00bb4.21.0&Prime; _module_preset=\u00a0\u00bbdefault\u00a0\u00bb global_colors_info=\u00a0\u00bb{}\u00a0\u00bb][et_pb_column type=\u00a0\u00bb1_2&Prime; _builder_version=\u00a0\u00bb4.21.0&Prime; _module_preset=\u00a0\u00bbdefault\u00a0\u00bb global_colors_info=\u00a0\u00bb{}\u00a0\u00bb][et_pb_text _builder_version=\u00a0\u00bb4.21.0&Prime; _module_preset=\u00a0\u00bbdefault\u00a0\u00bb header_text_color=\u00a0\u00bb#005dba\u00a0\u00bb header_2_font=\u00a0\u00bb|300|||||||\u00a0\u00bb header_2_text_color=\u00a0\u00bb#005dba\u00a0\u00bb header_2_font_size=\u00a0\u00bb2.8rem\u00a0\u00bb custom_padding=\u00a0\u00bb0px|||||\u00a0\u00bb global_colors_info=\u00a0\u00bb{}\u00a0\u00bb]<\/p>\n<h2 data-content-type=\"heading\" data-appearance=\"default\" data-element=\"main\" data-pb-style=\"618E250A27B0A\">Choisir un inhalateur de vapeur pour sinus<\/h2>\n<p>[\/et_pb_text][et_pb_accordion toggle_icon=\u00a0\u00bb&#xf067;||fa||900&Prime; icon_color=\u00a0\u00bb#005dba\u00a0\u00bb use_icon_font_size=\u00a0\u00bbon\u00a0\u00bb _builder_version=\u00a0\u00bb4.23.1&Prime; _module_preset=\u00a0\u00bbdefault\u00a0\u00bb closed_toggle_font=\u00a0\u00bb|600|||||||\u00a0\u00bb custom_margin=\u00a0\u00bb0px||||false|false\u00a0\u00bb custom_padding=\u00a0\u00bb0px||||false|false\u00a0\u00bb border_width_all=\u00a0\u00bb0px\u00a0\u00bb border_width_left=\u00a0\u00bb0px\u00a0\u00bb border_color_left=\u00a0\u00bb#005dba\u00a0\u00bb global_colors_info=\u00a0\u00bb{}\u00a0\u00bb][et_pb_accordion_item title=\u00a0\u00bbAvantages\u00a0\u00bb open_toggle_text_color=\u00a0\u00bb#005dba\u00a0\u00bb icon_color=\u00a0\u00bb#005dba\u00a0\u00bb toggle_icon=\u00a0\u00bb&#xf067;||fa||900&Prime; _builder_version=\u00a0\u00bb4.23.1&Prime; _module_preset=\u00a0\u00bbdefault\u00a0\u00bb body_font=\u00a0\u00bb|300|||||||\u00a0\u00bb background_color=\u00a0\u00bbRGBA(255,255,255,0)\u00a0\u00bb background_enable_color=\u00a0\u00bbon\u00a0\u00bb custom_margin=\u00a0\u00bb||||false|false\u00a0\u00bb custom_padding=\u00a0\u00bb0px||10px||false|false\u00a0\u00bb border_width_all=\u00a0\u00bb0px\u00a0\u00bb border_color_all=\u00a0\u00bb#005dba\u00a0\u00bb border_width_left=\u00a0\u00bb2px\u00a0\u00bb global_colors_info=\u00a0\u00bb{}\u00a0\u00bb toggle_text_color=\u00a0\u00bb#005dba\u00a0\u00bb toggle_font=\u00a0\u00bb|300|||||||\u00a0\u00bb toggle_line_height=\u00a0\u00bb1em\u00a0\u00bb closed_toggle_font=\u00a0\u00bb|300|||||||\u00a0\u00bb open=\u00a0\u00bbon\u00a0\u00bb]<\/p>\n<p>&nbsp;<\/p>\n<p>L\u2019inhalateur de vapeur pour sinus Vicks procure un soulagement des sympt\u00f4mes de la toux et de la congestion caus\u00e9s par le rhume, les allergies saisonni\u00e8res et la sinusite. La vapeur apaisante est dirig\u00e9e vers le nez, la bouche et la gorge pour aider \u00e0 att\u00e9nuer naturellement la congestion, la s\u00e9cheresse et l\u2019irritation. <\/p>\n<p>[\/et_pb_accordion_item][et_pb_accordion_item title=\u00a0\u00bbEst-ce que j\u2019ai besoin d\u2019un humidificateur ou d\u2019un inhalateur de vapeur pour sinus?\u00a0\u00bb open_toggle_text_color=\u00a0\u00bb#005dba\u00a0\u00bb toggle_icon=\u00a0\u00bb&#xf067;||fa||900&Prime; _builder_version=\u00a0\u00bb4.21.0&Prime; _module_preset=\u00a0\u00bbdefault\u00a0\u00bb body_font=\u00a0\u00bb|300|||||||\u00a0\u00bb background_color=\u00a0\u00bbRGBA(255,255,255,0)\u00a0\u00bb background_enable_color=\u00a0\u00bbon\u00a0\u00bb custom_margin=\u00a0\u00bb||||false|false\u00a0\u00bb custom_padding=\u00a0\u00bb0px||10px||false|false\u00a0\u00bb border_width_all=\u00a0\u00bb0px\u00a0\u00bb border_color_all=\u00a0\u00bb#005dba\u00a0\u00bb border_width_left=\u00a0\u00bb2px\u00a0\u00bb global_colors_info=\u00a0\u00bb{}\u00a0\u00bb toggle_text_color=\u00a0\u00bb#005dba\u00a0\u00bb toggle_font=\u00a0\u00bb|300|||||||\u00a0\u00bb closed_toggle_font=\u00a0\u00bb|300|||||||\u00a0\u00bb open=\u00a0\u00bboff\u00a0\u00bb]<\/p>\n<p>&nbsp;<\/p>\n<p>Si le taux d\u2019humidit\u00e9 de votre maison se maintient entre 40 % et 60 % et que vous \u00e9prouvez tout de m\u00eame des sympt\u00f4mes d\u2019allergie ou de rhume, un inhalateur de vapeur pour sinus pourrait vous \u00eatre b\u00e9n\u00e9fique.<\/p>\n<p>[\/et_pb_accordion_item][et_pb_accordion_item title=\u00a0\u00bbRapide et facile \u00e0 utiliser\u00a0\u00bb open_toggle_text_color=\u00a0\u00bb#005dba\u00a0\u00bb toggle_icon=\u00a0\u00bb&#xf067;||fa||900&Prime; _builder_version=\u00a0\u00bb4.21.0&Prime; _module_preset=\u00a0\u00bbdefault\u00a0\u00bb body_font=\u00a0\u00bb|300|||||||\u00a0\u00bb background_color=\u00a0\u00bbRGBA(255,255,255,0)\u00a0\u00bb background_enable_color=\u00a0\u00bbon\u00a0\u00bb custom_margin=\u00a0\u00bb||||false|false\u00a0\u00bb custom_padding=\u00a0\u00bb0px||10px||false|false\u00a0\u00bb border_width_all=\u00a0\u00bb0px\u00a0\u00bb border_color_all=\u00a0\u00bb#005dba\u00a0\u00bb border_width_left=\u00a0\u00bb2px\u00a0\u00bb global_colors_info=\u00a0\u00bb{}\u00a0\u00bb toggle_text_color=\u00a0\u00bb#005dba\u00a0\u00bb toggle_font=\u00a0\u00bb|300|||||||\u00a0\u00bb closed_toggle_font=\u00a0\u00bb|300|||||||\u00a0\u00bb open=\u00a0\u00bboff\u00a0\u00bb]<\/p>\n<p>&nbsp;<\/p>\n<p>Aucun filtre requis, fonctionne avec l\u2019eau du robinet, traitement en 5 \u00e0 15 minutes. L\u2019inhalateur de vapeur pour sinus Vicks est dot\u00e9 d\u2019un d\u2019arr\u00eat automatique lorsque le r\u00e9servoir est vide et d\u2019une manette de contr\u00f4le pour ajuster l\u2019intensit\u00e9 de la vapeur. <\/p>\n<p>[\/et_pb_accordion_item][et_pb_accordion_item title=\u00a0\u00bbAccessoires\u00a0\u00bb open=\u00a0\u00bboff\u00a0\u00bb open_toggle_text_color=\u00a0\u00bb#005dba\u00a0\u00bb toggle_icon=\u00a0\u00bb&#xf067;||fa||900&Prime; _builder_version=\u00a0\u00bb4.21.0&Prime; _module_preset=\u00a0\u00bbdefault\u00a0\u00bb body_font=\u00a0\u00bb|300|||||||\u00a0\u00bb background_color=\u00a0\u00bbRGBA(255,255,255,0)\u00a0\u00bb background_enable_color=\u00a0\u00bbon\u00a0\u00bb custom_margin=\u00a0\u00bb||||false|false\u00a0\u00bb custom_padding=\u00a0\u00bb0px||10px||false|false\u00a0\u00bb border_width_all=\u00a0\u00bb0px\u00a0\u00bb border_color_all=\u00a0\u00bb#005dba\u00a0\u00bb border_width_left=\u00a0\u00bb2px\u00a0\u00bb global_colors_info=\u00a0\u00bb{}\u00a0\u00bb toggle_text_color=\u00a0\u00bb#005dba\u00a0\u00bb toggle_font=\u00a0\u00bb|300|||||||\u00a0\u00bb closed_toggle_font=\u00a0\u00bb|300|||||||\u00a0\u00bb]<\/p>\n<p>&nbsp;<\/p>\n<p>Les inhalateurs de vapeur pour sinus Vicks sont dot\u00e9s d\u2019un plateau dans lequel on d\u00e9pose les tampons VapoPads de Vicks. Utilisez les VapoPads de Vicks avec votre inhalateur de vapeur pour sinus pour obtenir jusqu\u2019\u00e0 huit heures de vapeurs apaisantes. Un \u00e9chantillon de tampon est fourni avec l\u2019appareil.  <\/p>\n<p>[\/et_pb_accordion_item][\/et_pb_accordion][\/et_pb_column][et_pb_column type=\u00a0\u00bb1_2&Prime; _builder_version=\u00a0\u00bb4.21.0&Prime; _module_preset=\u00a0\u00bbdefault\u00a0\u00bb global_colors_info=\u00a0\u00bb{}\u00a0\u00bb][\/et_pb_column][\/et_pb_row][\/et_pb_section]<\/p>\n","protected":false},"excerpt":{"rendered":"<p>Inhalateurs de vapeur pour sinusLes inhalateurs de vapeur pour sinus Vicks produisent une vapeur ti\u00e8de non m\u00e9dicamenteuse qui soulage temporairement les sympt\u00f4mes de la toux et de la congestion caus\u00e9s par le rhume, les allergies saisonni\u00e8res et la sinusite. La vapeur apaisante est dirig\u00e9e vers le nez, la touche et la gorge pour aider \u00e0 [&hellip;]<\/p>\n","protected":false},"author":1,"featured_media":0,"parent":16232,"menu_order":0,"comment_status":"closed","ping_status":"closed","template":"","meta":{"_acf_changed":false,"_et_pb_use_builder":"on","_et_pb_old_content":"","_et_gb_content_width":"","footnotes":""},"class_list":["post-16223","page","type-page","status-publish","hentry"],"acf":[],"_links":{"self":[{"href":"https:\/\/vickshumidifiers.ca\/fr\/wp-json\/wp\/v2\/pages\/16223","targetHints":{"allow":["GET"]}}],"collection":[{"href":"https:\/\/vickshumidifiers.ca\/fr\/wp-json\/wp\/v2\/pages"}],"about":[{"href":"https:\/\/vickshumidifiers.ca\/fr\/wp-json\/wp\/v2\/types\/page"}],"author":[{"embeddable":true,"href":"https:\/\/vickshumidifiers.ca\/fr\/wp-json\/wp\/v2\/users\/1"}],"replies":[{"embeddable":true,"href":"https:\/\/vickshumidifiers.ca\/fr\/wp-json\/wp\/v2\/comments?post=16223"}],"version-history":[{"count":2,"href":"https:\/\/vickshumidifiers.ca\/fr\/wp-json\/wp\/v2\/pages\/16223\/revisions"}],"predecessor-version":[{"id":16225,"href":"https:\/\/vickshumidifiers.ca\/fr\/wp-json\/wp\/v2\/pages\/16223\/revisions\/16225"}],"up":[{"embeddable":true,"href":"https:\/\/vickshumidifiers.ca\/fr\/wp-json\/wp\/v2\/pages\/16232"}],"wp:attachment":[{"href":"https:\/\/vickshumidifiers.ca\/fr\/wp-json\/wp\/v2\/media?parent=16223"}],"curies":[{"name":"wp","href":"https:\/\/api.w.org\/{rel}","templated":true}]}}