{"id":16204,"date":"2023-05-26T11:06:49","date_gmt":"2023-05-26T15:06:49","guid":{"rendered":"https:\/\/www.vickshumidifiers.ca\/nous-joindre\/"},"modified":"2024-08-16T13:12:54","modified_gmt":"2024-08-16T17:12:54","slug":"nous-joindre","status":"publish","type":"page","link":"https:\/\/vickshumidifiers.ca\/fr\/nous-joindre\/","title":{"rendered":"Nous joindre"},"content":{"rendered":"<p>[et_pb_section fb_built=\u00a0\u00bb1&Prime; _builder_version=\u00a0\u00bb4.21.0&Prime; _module_preset=\u00a0\u00bbdefault\u00a0\u00bb global_colors_info=\u00a0\u00bb{}\u00a0\u00bb][et_pb_row _builder_version=\u00a0\u00bb4.21.0&Prime; _module_preset=\u00a0\u00bbdefault\u00a0\u00bb global_colors_info=\u00a0\u00bb{}\u00a0\u00bb][et_pb_column type=\u00a0\u00bb4_4&Prime; _builder_version=\u00a0\u00bb4.21.0&Prime; _module_preset=\u00a0\u00bbdefault\u00a0\u00bb global_colors_info=\u00a0\u00bb{}\u00a0\u00bb][et_pb_post_title meta=\u00a0\u00bboff\u00a0\u00bb featured_image=\u00a0\u00bboff\u00a0\u00bb _builder_version=\u00a0\u00bb4.21.0&Prime; _module_preset=\u00a0\u00bbdefault\u00a0\u00bb global_colors_info=\u00a0\u00bb{}\u00a0\u00bb][\/et_pb_post_title][et_pb_text _builder_version=\u00a0\u00bb4.23.1&Prime; _module_preset=\u00a0\u00bbdefault\u00a0\u00bb hover_enabled=\u00a0\u00bb0&Prime; global_colors_info=\u00a0\u00bb{}\u00a0\u00bb sticky_enabled=\u00a0\u00bb0&Prime;]<\/p>\n<h3><strong>Votre confiance nous tient \u00e0 c\u0153ur!<\/strong><\/h3>\n<p>Veuillez envoyer un courriel \u00e0 notre \u00e9quipe du service \u00e0 la client\u00e8le, \u00e0 l\u2019adresse <a href=\"mailto:ConsumerRelations@HelenofTroy.com\">ConsumerRelations@HelenofTroy.com<\/a>, si vous avez des questions concernant nos produits, notre site Web ou toute question de nature g\u00e9n\u00e9rale. Nous r\u00e9pondons g\u00e9n\u00e9ralement aux demandes dans un d\u00e9lai de 48 heures. Vous pouvez \u00e9galement consulter notre <a href=\"https:\/\/www.vickshumidifiers.ca\/fr\/soutien\/\">page Soutien<\/a> pour prendre connaissance de nos FAQ.  <\/p>\n<p>Pour une solution plus rapide, veuillez t\u00e9l\u00e9phoner au <a href=\"tel:1-800-827-6712\">1-800-827-6712<\/a> (ligne sans frais) pendant les heures d\u2019ouverture (du lundi au vendredi, de 8 h \u00e0 17 h HNE) pour parler \u00e0 un membre de notre \u00e9quipe de soutien.<\/p>\n<p>[\/et_pb_text][et_pb_code disabled_on=\u00a0\u00bbon|on|on\u00a0\u00bb _builder_version=\u00a0\u00bb4.23.1&Prime; _module_preset=\u00a0\u00bbdefault\u00a0\u00bb disabled=\u00a0\u00bbon\u00a0\u00bb global_colors_info=\u00a0\u00bb{}\u00a0\u00bb]<iframe loading=\"lazy\" src=\"https:\/\/helenoftroy.custhelp.com\/app\/ask\/themes\/vicks#rn_MainContent\" width=\"100%\" height=\"1400\" frameborder=\"0\"><!-- [et_pb_line_break_holder] --><\/iframe>[\/et_pb_code][\/et_pb_column][\/et_pb_row][\/et_pb_section]<\/p>\n","protected":false},"excerpt":{"rendered":"<p>Votre confiance nous tient \u00e0 c\u0153ur! Veuillez envoyer un courriel \u00e0 notre \u00e9quipe du service \u00e0 la client\u00e8le, \u00e0 l\u2019adresse ConsumerRelations@HelenofTroy.com, si vous avez des questions concernant nos produits, notre site Web ou toute question de nature g\u00e9n\u00e9rale. Nous r\u00e9pondons g\u00e9n\u00e9ralement aux demandes dans un d\u00e9lai de 48 heures. Vous pouvez \u00e9galement consulter notre page [&hellip;]<\/p>\n","protected":false},"author":1,"featured_media":0,"parent":0,"menu_order":0,"comment_status":"closed","ping_status":"closed","template":"","meta":{"_acf_changed":false,"_et_pb_use_builder":"on","_et_pb_old_content":"","_et_gb_content_width":"","footnotes":""},"class_list":["post-16204","page","type-page","status-publish","hentry"],"acf":[],"_links":{"self":[{"href":"https:\/\/vickshumidifiers.ca\/fr\/wp-json\/wp\/v2\/pages\/16204","targetHints":{"allow":["GET"]}}],"collection":[{"href":"https:\/\/vickshumidifiers.ca\/fr\/wp-json\/wp\/v2\/pages"}],"about":[{"href":"https:\/\/vickshumidifiers.ca\/fr\/wp-json\/wp\/v2\/types\/page"}],"author":[{"embeddable":true,"href":"https:\/\/vickshumidifiers.ca\/fr\/wp-json\/wp\/v2\/users\/1"}],"replies":[{"embeddable":true,"href":"https:\/\/vickshumidifiers.ca\/fr\/wp-json\/wp\/v2\/comments?post=16204"}],"version-history":[{"count":5,"href":"https:\/\/vickshumidifiers.ca\/fr\/wp-json\/wp\/v2\/pages\/16204\/revisions"}],"predecessor-version":[{"id":16210,"href":"https:\/\/vickshumidifiers.ca\/fr\/wp-json\/wp\/v2\/pages\/16204\/revisions\/16210"}],"wp:attachment":[{"href":"https:\/\/vickshumidifiers.ca\/fr\/wp-json\/wp\/v2\/media?parent=16204"}],"curies":[{"name":"wp","href":"https:\/\/api.w.org\/{rel}","templated":true}]}}